{"id":7602,"date":"2023-07-25T12:07:25","date_gmt":"2023-07-25T10:07:25","guid":{"rendered":"https:\/\/pokawa.be\/?page_id=7602"},"modified":"2025-02-26T11:34:29","modified_gmt":"2025-02-26T10:34:29","slug":"pokes-chirashis","status":"publish","type":"page","link":"https:\/\/pokawa.be\/de\/unsere-karte\/chirashis-pokes\/","title":{"rendered":"Pok\u00e9s &amp; Chirashis"},"content":{"rendered":"<div data-elementor-type=\"wp-page\" data-elementor-id=\"7602\" class=\"elementor elementor-7602\" data-elementor-post-type=\"page\">\n\t\t\t\t\t\t<section class=\"elementor-section elementor-top-section elementor-element elementor-element-7406dc61 elementor-section-boxed elementor-section-height-default elementor-section-height-default\" data-id=\"7406dc61\" data-element_type=\"section\" data-settings=\"{&quot;background_background&quot;:&quot;classic&quot;}\">\n\t\t\t\t\t\t<div class=\"elementor-container elementor-column-gap-default\">\n\t\t\t\t\t<div class=\"elementor-column elementor-col-100 elementor-top-column elementor-element elementor-element-72ebacb\" data-id=\"72ebacb\" data-element_type=\"column\">\n\t\t\t<div class=\"elementor-widget-wrap elementor-element-populated\">\n\t\t\t\t\t\t<div class=\"elementor-element elementor-element-4e40dbe6 elementor-widget elementor-widget-theme-post-title elementor-page-title elementor-widget-heading\" data-id=\"4e40dbe6\" data-element_type=\"widget\" data-widget_type=\"theme-post-title.default\">\n\t\t\t\t<div class=\"elementor-widget-container\">\n\t\t\t\t\t<h1 class=\"elementor-heading-title elementor-size-default\">Pok\u00e9s &amp; Chirashis<\/h1>\t\t\t\t<\/div>\n\t\t\t\t<\/div>\n\t\t\t\t<div class=\"elementor-element elementor-element-62ee07d elementor-widget-divider--view-line elementor-widget elementor-widget-global elementor-global-3920 elementor-widget-divider\" data-id=\"62ee07d\" data-element_type=\"widget\" data-widget_type=\"divider.default\">\n\t\t\t\t<div class=\"elementor-widget-container\">\n\t\t\t\t\t\t\t<div class=\"elementor-divider\">\n\t\t\t<span class=\"elementor-divider-separator\">\n\t\t\t\t\t\t<\/span>\n\t\t<\/div>\n\t\t\t\t\t\t<\/div>\n\t\t\t\t<\/div>\n\t\t\t\t\t<\/div>\n\t\t<\/div>\n\t\t\t\t\t<\/div>\n\t\t<\/section>\n\t\t\t\t<section class=\"elementor-section elementor-top-section elementor-element elementor-element-200e171 elementor-section-boxed elementor-section-height-default elementor-section-height-default\" data-id=\"200e171\" data-element_type=\"section\">\n\t\t\t\t\t\t<div class=\"elementor-container elementor-column-gap-default\">\n\t\t\t\t\t<div class=\"elementor-column elementor-col-100 elementor-top-column elementor-element elementor-element-7afa63d\" data-id=\"7afa63d\" data-element_type=\"column\">\n\t\t\t<div class=\"elementor-widget-wrap elementor-element-populated\">\n\t\t\t\t\t\t<div class=\"elementor-element elementor-element-5da455d elementor-grid-mobile-2 navigation-cat elementor-posts--thumbnail-top elementor-grid-3 elementor-grid-tablet-2 elementor-widget elementor-widget-posts\" data-id=\"5da455d\" data-element_type=\"widget\" data-settings=\"{&quot;custom_columns_mobile&quot;:&quot;2&quot;,&quot;custom_columns&quot;:&quot;3&quot;,&quot;custom_columns_tablet&quot;:&quot;2&quot;,&quot;custom_row_gap&quot;:{&quot;unit&quot;:&quot;px&quot;,&quot;size&quot;:35,&quot;sizes&quot;:[]},&quot;custom_row_gap_tablet&quot;:{&quot;unit&quot;:&quot;px&quot;,&quot;size&quot;:&quot;&quot;,&quot;sizes&quot;:[]},&quot;custom_row_gap_mobile&quot;:{&quot;unit&quot;:&quot;px&quot;,&quot;size&quot;:&quot;&quot;,&quot;sizes&quot;:[]}}\" data-widget_type=\"posts.custom\">\n\t\t\t\t<div class=\"elementor-widget-container\">\n\t\t\t\t\t      <div class=\"ecs-posts elementor-posts-container elementor-posts   elementor-grid elementor-posts--skin-custom\" data-settings=\"{&quot;current_page&quot;:1,&quot;max_num_pages&quot;:1,&quot;load_method&quot;:&quot;&quot;,&quot;widget_id&quot;:&quot;5da455d&quot;,&quot;post_id&quot;:7602,&quot;theme_id&quot;:7602,&quot;change_url&quot;:false,&quot;reinit_js&quot;:false}\">\n      \t\t<article id=\"post-2933\" class=\"elementor-post elementor-grid-item ecs-post-loop post-2933 categorie_menu type-categorie_menu status-publish has-post-thumbnail hentry\">\n\t\t<div class=\"ecs-link-wrapper\" data-href=\"\/notre-carte\/pokes-chirashis\/poke-creation\"   >\t\t<div data-elementor-type=\"loop\" data-elementor-id=\"3460\" class=\"elementor elementor-3460 post-2933 categorie_menu type-categorie_menu status-publish has-post-thumbnail hentry\" data-elementor-post-type=\"elementor_library\">\n\t\t\t\t\t<section class=\"elementor-section elementor-top-section elementor-element elementor-element-22caaaa elementor-section-boxed elementor-section-height-default elementor-section-height-default\" data-id=\"22caaaa\" data-element_type=\"section\">\n\t\t\t\t\t\t<div class=\"elementor-container elementor-column-gap-default\">\n\t\t\t\t\t<div class=\"elementor-column elementor-col-100 elementor-top-column elementor-element elementor-element-f04c7c5\" data-id=\"f04c7c5\" data-element_type=\"column\">\n\t\t\t<div class=\"elementor-widget-wrap elementor-element-populated\">\n\t\t\t\t\t\t<div class=\"elementor-element elementor-element-b78faec elementor-widget elementor-widget-theme-post-featured-image elementor-widget-image\" data-id=\"b78faec\" data-element_type=\"widget\" data-widget_type=\"theme-post-featured-image.default\">\n\t\t\t\t<div class=\"elementor-widget-container\">\n\t\t\t\t\t\t\t\t\t\t\t\t\t\t\t<img decoding=\"async\" src=\"https:\/\/pokawa.be\/wp-content\/uploads\/2022\/07\/POKAWA_POKE_CREATION_02_2024_\u00a9MARY_DEVINAT_4-min-scaled-e1736951792383.jpg\" title=\"\" alt=\"\" class=\"elementor-animation-rotate\" loading=\"lazy\" \/>\t\t\t\t\t\t\t\t\t\t\t\t\t\t\t<\/div>\n\t\t\t\t<\/div>\n\t\t\t\t<div class=\"elementor-element elementor-element-c3b3586 elementor-widget elementor-widget-theme-post-title elementor-page-title elementor-widget-heading\" data-id=\"c3b3586\" data-element_type=\"widget\" data-widget_type=\"theme-post-title.default\">\n\t\t\t\t<div class=\"elementor-widget-container\">\n\t\t\t\t\t<h3 class=\"elementor-heading-title elementor-size-default\"><a href=\"https:\/\/pokawa.be\/de\/unsere-karte\/chirashis-pokes\/poke-creation\/\">Pok\u00e9 Kreation<\/a><\/h3>\t\t\t\t<\/div>\n\t\t\t\t<\/div>\n\t\t\t\t\t<\/div>\n\t\t<\/div>\n\t\t\t\t\t<\/div>\n\t\t<\/section>\n\t\t\t\t<\/div>\n\t\t<\/div>\t\t<\/article>\n\t\t\t\t<article id=\"post-2932\" class=\"elementor-post elementor-grid-item ecs-post-loop post-2932 categorie_menu type-categorie_menu status-publish has-post-thumbnail hentry\">\n\t\t<div class=\"ecs-link-wrapper\" data-href=\"\/notre-carte\/pokes-chirashis\/pokes-signatures\"   >\t\t<div data-elementor-type=\"loop\" data-elementor-id=\"3460\" class=\"elementor elementor-3460 post-2932 categorie_menu type-categorie_menu status-publish has-post-thumbnail hentry\" data-elementor-post-type=\"elementor_library\">\n\t\t\t\t\t<section class=\"elementor-section elementor-top-section elementor-element elementor-element-22caaaa elementor-section-boxed elementor-section-height-default elementor-section-height-default\" data-id=\"22caaaa\" data-element_type=\"section\">\n\t\t\t\t\t\t<div class=\"elementor-container elementor-column-gap-default\">\n\t\t\t\t\t<div class=\"elementor-column elementor-col-100 elementor-top-column elementor-element elementor-element-f04c7c5\" data-id=\"f04c7c5\" data-element_type=\"column\">\n\t\t\t<div class=\"elementor-widget-wrap elementor-element-populated\">\n\t\t\t\t\t\t<div class=\"elementor-element elementor-element-b78faec elementor-widget elementor-widget-theme-post-featured-image elementor-widget-image\" data-id=\"b78faec\" data-element_type=\"widget\" data-widget_type=\"theme-post-featured-image.default\">\n\t\t\t\t<div class=\"elementor-widget-container\">\n\t\t\t\t\t\t\t\t\t\t\t\t\t\t\t<img decoding=\"async\" src=\"https:\/\/pokawa.be\/wp-content\/uploads\/2022\/06\/POKAWA_POKES_SIGNATURES_2024_\u00a9MARY_DEVINAT_WEB_8-e1736951612986.jpg\" title=\"\" alt=\"\" class=\"elementor-animation-rotate\" loading=\"lazy\" \/>\t\t\t\t\t\t\t\t\t\t\t\t\t\t\t<\/div>\n\t\t\t\t<\/div>\n\t\t\t\t<div class=\"elementor-element elementor-element-c3b3586 elementor-widget elementor-widget-theme-post-title elementor-page-title elementor-widget-heading\" data-id=\"c3b3586\" data-element_type=\"widget\" data-widget_type=\"theme-post-title.default\">\n\t\t\t\t<div class=\"elementor-widget-container\">\n\t\t\t\t\t<h3 class=\"elementor-heading-title elementor-size-default\"><a href=\"https:\/\/pokawa.be\/de\/unsere-karte\/chirashis-pokes\/pokes-signatures\/\">Pok\u00e9s Unterschriften<\/a><\/h3>\t\t\t\t<\/div>\n\t\t\t\t<\/div>\n\t\t\t\t\t<\/div>\n\t\t<\/div>\n\t\t\t\t\t<\/div>\n\t\t<\/section>\n\t\t\t\t<\/div>\n\t\t<\/div>\t\t<\/article>\n\t\t\t\t<article id=\"post-5323\" class=\"elementor-post elementor-grid-item ecs-post-loop post-5323 categorie_menu type-categorie_menu status-publish has-post-thumbnail hentry\">\n\t\t<div class=\"ecs-link-wrapper\" data-href=\"\/notre-carte\/pokes-chirashis\/chirashis\"   >\t\t<div data-elementor-type=\"loop\" data-elementor-id=\"3460\" class=\"elementor elementor-3460 post-5323 categorie_menu type-categorie_menu status-publish has-post-thumbnail hentry\" data-elementor-post-type=\"elementor_library\">\n\t\t\t\t\t<section class=\"elementor-section elementor-top-section elementor-element elementor-element-22caaaa elementor-section-boxed elementor-section-height-default elementor-section-height-default\" data-id=\"22caaaa\" data-element_type=\"section\">\n\t\t\t\t\t\t<div class=\"elementor-container elementor-column-gap-default\">\n\t\t\t\t\t<div class=\"elementor-column elementor-col-100 elementor-top-column elementor-element elementor-element-f04c7c5\" data-id=\"f04c7c5\" data-element_type=\"column\">\n\t\t\t<div class=\"elementor-widget-wrap elementor-element-populated\">\n\t\t\t\t\t\t<div class=\"elementor-element elementor-element-b78faec elementor-widget elementor-widget-theme-post-featured-image elementor-widget-image\" data-id=\"b78faec\" data-element_type=\"widget\" data-widget_type=\"theme-post-featured-image.default\">\n\t\t\t\t<div class=\"elementor-widget-container\">\n\t\t\t\t\t\t\t\t\t\t\t\t\t\t\t<img decoding=\"async\" src=\"https:\/\/pokawa.be\/wp-content\/uploads\/2022\/06\/POKAWA_CHIRASHIS_2024_\u00a9MARY_DEVINAT_WEB_7-e1736953328613.jpg\" title=\"\" alt=\"\" class=\"elementor-animation-rotate\" loading=\"lazy\" \/>\t\t\t\t\t\t\t\t\t\t\t\t\t\t\t<\/div>\n\t\t\t\t<\/div>\n\t\t\t\t<div class=\"elementor-element elementor-element-c3b3586 elementor-widget elementor-widget-theme-post-title elementor-page-title elementor-widget-heading\" data-id=\"c3b3586\" data-element_type=\"widget\" data-widget_type=\"theme-post-title.default\">\n\t\t\t\t<div class=\"elementor-widget-container\">\n\t\t\t\t\t<h3 class=\"elementor-heading-title elementor-size-default\"><a href=\"https:\/\/pokawa.be\/de\/unsere-karte\/chirashis-pokes\/chirashis-2\/\">Chirashis<\/a><\/h3>\t\t\t\t<\/div>\n\t\t\t\t<\/div>\n\t\t\t\t\t<\/div>\n\t\t<\/div>\n\t\t\t\t\t<\/div>\n\t\t<\/section>\n\t\t\t\t<\/div>\n\t\t<\/div>\t\t<\/article>\n\t\t\t\t<article id=\"post-5434\" class=\"elementor-post elementor-grid-item ecs-post-loop post-5434 categorie_menu type-categorie_menu status-publish has-post-thumbnail hentry\">\n\t\t<div class=\"ecs-link-wrapper\" data-href=\"\/notre-carte\/pokes-chirashis\/smart-pokes\/\"   >\t\t<div data-elementor-type=\"loop\" data-elementor-id=\"3460\" class=\"elementor elementor-3460 post-5434 categorie_menu type-categorie_menu status-publish has-post-thumbnail hentry\" data-elementor-post-type=\"elementor_library\">\n\t\t\t\t\t<section class=\"elementor-section elementor-top-section elementor-element elementor-element-22caaaa elementor-section-boxed elementor-section-height-default elementor-section-height-default\" data-id=\"22caaaa\" data-element_type=\"section\">\n\t\t\t\t\t\t<div class=\"elementor-container elementor-column-gap-default\">\n\t\t\t\t\t<div class=\"elementor-column elementor-col-100 elementor-top-column elementor-element elementor-element-f04c7c5\" data-id=\"f04c7c5\" data-element_type=\"column\">\n\t\t\t<div class=\"elementor-widget-wrap elementor-element-populated\">\n\t\t\t\t\t\t<div class=\"elementor-element elementor-element-b78faec elementor-widget elementor-widget-theme-post-featured-image elementor-widget-image\" data-id=\"b78faec\" data-element_type=\"widget\" data-widget_type=\"theme-post-featured-image.default\">\n\t\t\t\t<div class=\"elementor-widget-container\">\n\t\t\t\t\t\t\t\t\t\t\t\t\t\t\t<img decoding=\"async\" src=\"https:\/\/pokawa.be\/wp-content\/uploads\/2022\/07\/POKAWA_SMART_POKES_2024_\u00a9MARY_DEVINAT_WEB_25-e1736954101274.jpg\" title=\"\" alt=\"\" class=\"elementor-animation-rotate\" loading=\"lazy\" \/>\t\t\t\t\t\t\t\t\t\t\t\t\t\t\t<\/div>\n\t\t\t\t<\/div>\n\t\t\t\t<div class=\"elementor-element elementor-element-c3b3586 elementor-widget elementor-widget-theme-post-title elementor-page-title elementor-widget-heading\" data-id=\"c3b3586\" data-element_type=\"widget\" data-widget_type=\"theme-post-title.default\">\n\t\t\t\t<div class=\"elementor-widget-container\">\n\t\t\t\t\t<h3 class=\"elementor-heading-title elementor-size-default\"><a href=\"https:\/\/pokawa.be\/de\/unsere-karte\/chirashis-pokes\/smart-pokes\/\">Smart Pok\u00e9s<\/a><\/h3>\t\t\t\t<\/div>\n\t\t\t\t<\/div>\n\t\t\t\t\t<\/div>\n\t\t<\/div>\n\t\t\t\t\t<\/div>\n\t\t<\/section>\n\t\t\t\t<\/div>\n\t\t<\/div>\t\t<\/article>\n\t\t\t\t<\/div>\n\t\t\t\t\t\t<\/div>\n\t\t\t\t<\/div>\n\t\t\t\t\t<\/div>\n\t\t<\/div>\n\t\t\t\t\t<\/div>\n\t\t<\/section>\n\t\t\t\t<section class=\"elementor-section elementor-top-section elementor-element elementor-element-90c2157 elementor-section-boxed elementor-section-height-default elementor-section-height-default\" data-id=\"90c2157\" data-element_type=\"section\">\n\t\t\t\t\t\t<div class=\"elementor-container elementor-column-gap-default\">\n\t\t\t\t\t<div class=\"elementor-column elementor-col-100 elementor-top-column elementor-element elementor-element-35b315b7\" data-id=\"35b315b7\" data-element_type=\"column\">\n\t\t\t<div class=\"elementor-widget-wrap elementor-element-populated\">\n\t\t\t\t\t\t<section class=\"elementor-section elementor-inner-section elementor-element elementor-element-268108df elementor-section-boxed elementor-section-height-default elementor-section-height-default\" data-id=\"268108df\" data-element_type=\"section\">\n\t\t\t\t\t\t<div class=\"elementor-container elementor-column-gap-default\">\n\t\t\t\t\t<div class=\"elementor-column elementor-col-20 elementor-inner-column elementor-element elementor-element-7da4b186\" data-id=\"7da4b186\" data-element_type=\"column\" data-settings=\"{&quot;background_background&quot;:&quot;classic&quot;}\">\n\t\t\t<div class=\"elementor-widget-wrap elementor-element-populated\">\n\t\t\t\t\t\t<div class=\"elementor-element elementor-element-6968e63 elementor-widget elementor-widget-global elementor-global-3057 elementor-widget-heading\" data-id=\"6968e63\" data-element_type=\"widget\" data-widget_type=\"heading.default\">\n\t\t\t\t<div class=\"elementor-widget-container\">\n\t\t\t\t\t<h4 class=\"elementor-heading-title elementor-size-default\">Hast du Allergien?<\/h4>\t\t\t\t<\/div>\n\t\t\t\t<\/div>\n\t\t\t\t<div class=\"elementor-element elementor-element-bb358d7 elementor-widget elementor-widget-global elementor-global-3063 elementor-widget-text-editor\" data-id=\"bb358d7\" data-element_type=\"widget\" data-widget_type=\"text-editor.default\">\n\t\t\t\t<div class=\"elementor-widget-container\">\n\t\t\t\t\t\t\t\t\t<p>Eine vollst\u00e4ndige Liste unserer Allergene findest du in unserer Produktliste.<\/p>\t\t\t\t\t\t\t\t<\/div>\n\t\t\t\t<\/div>\n\t\t\t\t<div class=\"elementor-element elementor-element-c1af7ed elementor-align-center elementor-widget elementor-widget-global elementor-global-3045 elementor-widget-button\" data-id=\"c1af7ed\" data-element_type=\"widget\" data-widget_type=\"button.default\">\n\t\t\t\t<div class=\"elementor-widget-container\">\n\t\t\t\t\t\t\t\t\t<div class=\"elementor-button-wrapper\">\n\t\t\t\t\t<a class=\"elementor-button elementor-button-link elementor-size-sm elementor-animation-shrink\" href=\"\/wp-content\/uploads\/2022\/11\/Tableau-des-allerge\u0300nes-.pdf\" target=\"_blank\">\n\t\t\t\t\t\t<span class=\"elementor-button-content-wrapper\">\n\t\t\t\t\t\t<span class=\"elementor-button-icon\">\n\t\t\t\t<svg xmlns=\"http:\/\/www.w3.org\/2000\/svg\" width=\"16\" height=\"16\" viewbox=\"0 0 16 16\" fill=\"none\"><path d=\"M7.707 0.99994L6.293 2.41394L10.586 6.70694L1 6.70694L1 8.70694L10.586 8.70694L6.293 12.9999L7.707 14.4139L14.414 7.70694L7.707 0.99994Z\" fill=\"#172672\"><\/path><\/svg>\t\t\t<\/span>\n\t\t\t\t\t\t\t\t\t<span class=\"elementor-button-text\">Liste der Allergene<\/span>\n\t\t\t\t\t<\/span>\n\t\t\t\t\t<\/a>\n\t\t\t\t<\/div>\n\t\t\t\t\t\t\t\t<\/div>\n\t\t\t\t<\/div>\n\t\t\t\t\t<\/div>\n\t\t<\/div>\n\t\t\t\t<div class=\"elementor-column elementor-col-20 elementor-inner-column elementor-element elementor-element-2d767e3d\" data-id=\"2d767e3d\" data-element_type=\"column\">\n\t\t\t<div class=\"elementor-widget-wrap elementor-element-populated\">\n\t\t\t\t\t\t<div class=\"elementor-element elementor-element-a9c9365 elementor-widget elementor-widget-spacer\" data-id=\"a9c9365\" data-element_type=\"widget\" data-widget_type=\"spacer.default\">\n\t\t\t\t<div class=\"elementor-widget-container\">\n\t\t\t\t\t\t\t<div class=\"elementor-spacer\">\n\t\t\t<div class=\"elementor-spacer-inner\"><\/div>\n\t\t<\/div>\n\t\t\t\t\t\t<\/div>\n\t\t\t\t<\/div>\n\t\t\t\t\t<\/div>\n\t\t<\/div>\n\t\t\t\t<div class=\"elementor-column elementor-col-20 elementor-inner-column elementor-element elementor-element-60d4077\" data-id=\"60d4077\" data-element_type=\"column\" data-settings=\"{&quot;background_background&quot;:&quot;classic&quot;}\">\n\t\t\t<div class=\"elementor-widget-wrap elementor-element-populated\">\n\t\t\t\t\t\t<div class=\"elementor-element elementor-element-feb812b elementor-widget elementor-widget-global elementor-global-3054 elementor-widget-heading\" data-id=\"feb812b\" data-element_type=\"widget\" data-widget_type=\"heading.default\">\n\t\t\t\t<div class=\"elementor-widget-container\">\n\t\t\t\t\t<h4 class=\"elementor-heading-title elementor-size-default\">Pokawa handelt f\u00fcr den Planeten<\/h4>\t\t\t\t<\/div>\n\t\t\t\t<\/div>\n\t\t\t\t<div class=\"elementor-element elementor-element-2e0e2d3 elementor-widget elementor-widget-global elementor-global-3066 elementor-widget-text-editor\" data-id=\"2e0e2d3\" data-element_type=\"widget\" data-widget_type=\"text-editor.default\">\n\t\t\t\t<div class=\"elementor-widget-container\">\n\t\t\t\t\t\t\t\t\tPokawa ist die Nr. 1 der Pok\u00e9bowl-Marken weltweit.\nErfahre mehr \u00fcber unsere t\u00e4glichen Aktionen f\u00fcr unseren Planeten.\t\t\t\t\t\t\t\t<\/div>\n\t\t\t\t<\/div>\n\t\t\t\t<div class=\"elementor-element elementor-element-5f2f32c elementor-align-center elementor-widget elementor-widget-global elementor-global-3051 elementor-widget-button\" data-id=\"5f2f32c\" data-element_type=\"widget\" data-widget_type=\"button.default\">\n\t\t\t\t<div class=\"elementor-widget-container\">\n\t\t\t\t\t\t\t\t\t<div class=\"elementor-button-wrapper\">\n\t\t\t\t\t<a class=\"elementor-button elementor-button-link elementor-size-sm elementor-animation-shrink\" href=\"https:\/\/pokawa.be\/de\/unser-konzept-2\/\">\n\t\t\t\t\t\t<span class=\"elementor-button-content-wrapper\">\n\t\t\t\t\t\t<span class=\"elementor-button-icon\">\n\t\t\t\t<svg xmlns=\"http:\/\/www.w3.org\/2000\/svg\" width=\"16\" height=\"16\" viewbox=\"0 0 16 16\" fill=\"none\"><path d=\"M7.707 0.99994L6.293 2.41394L10.586 6.70694L1 6.70694L1 8.70694L10.586 8.70694L6.293 12.9999L7.707 14.4139L14.414 7.70694L7.707 0.99994Z\" fill=\"#172672\"><\/path><\/svg>\t\t\t<\/span>\n\t\t\t\t\t\t\t\t\t<span class=\"elementor-button-text\">Mehr erfahren<\/span>\n\t\t\t\t\t<\/span>\n\t\t\t\t\t<\/a>\n\t\t\t\t<\/div>\n\t\t\t\t\t\t\t\t<\/div>\n\t\t\t\t<\/div>\n\t\t\t\t\t<\/div>\n\t\t<\/div>\n\t\t\t\t<div class=\"elementor-column elementor-col-20 elementor-inner-column elementor-element elementor-element-5341dc05\" data-id=\"5341dc05\" data-element_type=\"column\">\n\t\t\t<div class=\"elementor-widget-wrap elementor-element-populated\">\n\t\t\t\t\t\t<div class=\"elementor-element elementor-element-25e75b2 elementor-widget elementor-widget-spacer\" data-id=\"25e75b2\" data-element_type=\"widget\" data-widget_type=\"spacer.default\">\n\t\t\t\t<div class=\"elementor-widget-container\">\n\t\t\t\t\t\t\t<div class=\"elementor-spacer\">\n\t\t\t<div class=\"elementor-spacer-inner\"><\/div>\n\t\t<\/div>\n\t\t\t\t\t\t<\/div>\n\t\t\t\t<\/div>\n\t\t\t\t\t<\/div>\n\t\t<\/div>\n\t\t\t\t<div class=\"elementor-column elementor-col-20 elementor-inner-column elementor-element elementor-element-576a43bf\" data-id=\"576a43bf\" data-element_type=\"column\" data-settings=\"{&quot;background_background&quot;:&quot;classic&quot;}\">\n\t\t\t<div class=\"elementor-widget-wrap elementor-element-populated\">\n\t\t\t\t\t\t<div class=\"elementor-element elementor-element-8c0561c elementor-widget elementor-widget-global elementor-global-3060 elementor-widget-heading\" data-id=\"8c0561c\" data-element_type=\"widget\" data-widget_type=\"heading.default\">\n\t\t\t\t<div class=\"elementor-widget-container\">\n\t\t\t\t\t<h4 class=\"elementor-heading-title elementor-size-default\">Bestellung \u00fcber die Pokaw'app<\/h4>\t\t\t\t<\/div>\n\t\t\t\t<\/div>\n\t\t\t\t<div class=\"elementor-element elementor-element-9795f66 elementor-widget elementor-widget-global elementor-global-3069 elementor-widget-text-editor\" data-id=\"9795f66\" data-element_type=\"widget\" data-widget_type=\"text-editor.default\">\n\t\t\t\t<div class=\"elementor-widget-container\">\n\t\t\t\t\t\t\t\t\tBestellen Sie direkt \u00fcber unsere mobile App, um von unseren exklusiven Kundenvorteilen zu profitieren!\t\t\t\t\t\t\t\t<\/div>\n\t\t\t\t<\/div>\n\t\t\t\t<div class=\"elementor-element elementor-element-ad07710 elementor-align-center elementor-widget elementor-widget-global elementor-global-3048 elementor-widget-button\" data-id=\"ad07710\" data-element_type=\"widget\" data-widget_type=\"button.default\">\n\t\t\t\t<div class=\"elementor-widget-container\">\n\t\t\t\t\t\t\t\t\t<div class=\"elementor-button-wrapper\">\n\t\t\t\t\t<a class=\"elementor-button elementor-button-link elementor-size-sm elementor-animation-shrink\" href=\"https:\/\/pokawa.be\/de\/download-app\/\">\n\t\t\t\t\t\t<span class=\"elementor-button-content-wrapper\">\n\t\t\t\t\t\t<span class=\"elementor-button-icon\">\n\t\t\t\t<svg xmlns=\"http:\/\/www.w3.org\/2000\/svg\" width=\"16\" height=\"16\" viewbox=\"0 0 16 16\" fill=\"none\"><path d=\"M7.707 0.99994L6.293 2.41394L10.586 6.70694L1 6.70694L1 8.70694L10.586 8.70694L6.293 12.9999L7.707 14.4139L14.414 7.70694L7.707 0.99994Z\" fill=\"#172672\"><\/path><\/svg>\t\t\t<\/span>\n\t\t\t\t\t\t\t\t\t<span class=\"elementor-button-text\">Lade die App herunter<\/span>\n\t\t\t\t\t<\/span>\n\t\t\t\t\t<\/a>\n\t\t\t\t<\/div>\n\t\t\t\t\t\t\t\t<\/div>\n\t\t\t\t<\/div>\n\t\t\t\t\t<\/div>\n\t\t<\/div>\n\t\t\t\t\t<\/div>\n\t\t<\/section>\n\t\t\t\t\t<\/div>\n\t\t<\/div>\n\t\t\t\t\t<\/div>\n\t\t<\/section>\n\t\t\t\t<\/div>","protected":false},"excerpt":{"rendered":"<p>Hast du irgendwelche Allergien? Finde die gesamte Liste unserer Allergene in unserer Produktliste. Liste der Allergene Pokawa handelt f\u00fcr den Planeten Pokawa ist die Nr. 1 Pok\u00e9bowl-Marke weltweit. Entdecke unsere t\u00e4glichen Aktionen f\u00fcr den Planeten. Mehr erfahren Bestellung \u00fcber die Pokaw'app Bestellung direkt \u00fcber unsere App [...].<\/p>","protected":false},"author":4,"featured_media":7245,"parent":3302,"menu_order":0,"comment_status":"closed","ping_status":"closed","template":"elementor_header_footer","meta":{"_acf_changed":false,"footnotes":""},"acf":[],"aioseo_notices":[],"_links":{"self":[{"href":"https:\/\/pokawa.be\/de\/wp-json\/wp\/v2\/pages\/7602"}],"collection":[{"href":"https:\/\/pokawa.be\/de\/wp-json\/wp\/v2\/pages"}],"about":[{"href":"https:\/\/pokawa.be\/de\/wp-json\/wp\/v2\/types\/page"}],"author":[{"embeddable":true,"href":"https:\/\/pokawa.be\/de\/wp-json\/wp\/v2\/users\/4"}],"replies":[{"embeddable":true,"href":"https:\/\/pokawa.be\/de\/wp-json\/wp\/v2\/comments?post=7602"}],"version-history":[{"count":6,"href":"https:\/\/pokawa.be\/de\/wp-json\/wp\/v2\/pages\/7602\/revisions"}],"predecessor-version":[{"id":9813,"href":"https:\/\/pokawa.be\/de\/wp-json\/wp\/v2\/pages\/7602\/revisions\/9813"}],"up":[{"embeddable":true,"href":"https:\/\/pokawa.be\/de\/wp-json\/wp\/v2\/pages\/3302"}],"wp:featuredmedia":[{"embeddable":true,"href":"https:\/\/pokawa.be\/de\/wp-json\/wp\/v2\/media\/7245"}],"wp:attachment":[{"href":"https:\/\/pokawa.be\/de\/wp-json\/wp\/v2\/media?parent=7602"}],"curies":[{"name":"wp","href":"https:\/\/api.w.org\/{rel}","templated":true}]}}