{"id":7790,"date":"2023-07-31T10:37:38","date_gmt":"2023-07-31T08:37:38","guid":{"rendered":"https:\/\/pokawa.be\/?page_id=7790"},"modified":"2024-02-15T13:19:53","modified_gmt":"2024-02-15T12:19:53","slug":"notre-concept","status":"publish","type":"page","link":"https:\/\/pokawa.be\/de\/unser-konzept-2\/","title":{"rendered":"Unser Konzept"},"content":{"rendered":"<div data-elementor-type=\"wp-page\" data-elementor-id=\"7790\" class=\"elementor elementor-7790\" data-elementor-post-type=\"page\">\n\t\t\t\t\t\t<section class=\"elementor-section elementor-top-section elementor-element elementor-element-906bef1 elementor-section-boxed elementor-section-height-default elementor-section-height-default\" data-id=\"906bef1\" data-element_type=\"section\" data-settings=\"{&quot;background_background&quot;:&quot;classic&quot;}\">\n\t\t\t\t\t\t<div class=\"elementor-container elementor-column-gap-default\">\n\t\t\t\t\t<div class=\"elementor-column elementor-col-100 elementor-top-column elementor-element elementor-element-74701dbe\" data-id=\"74701dbe\" data-element_type=\"column\">\n\t\t\t<div class=\"elementor-widget-wrap elementor-element-populated\">\n\t\t\t\t\t\t<div class=\"elementor-element elementor-element-70636305 elementor-widget elementor-widget-theme-post-title elementor-page-title elementor-widget-heading\" data-id=\"70636305\" data-element_type=\"widget\" data-widget_type=\"theme-post-title.default\">\n\t\t\t\t<div class=\"elementor-widget-container\">\n\t\t\t\t\t<h1 class=\"elementor-heading-title elementor-size-default\">Unser Konzept<\/h1>\t\t\t\t<\/div>\n\t\t\t\t<\/div>\n\t\t\t\t<div class=\"elementor-element elementor-element-8b33e07 elementor-widget-divider--view-line elementor-widget elementor-widget-global elementor-global-3920 elementor-widget-divider\" data-id=\"8b33e07\" data-element_type=\"widget\" data-widget_type=\"divider.default\">\n\t\t\t\t<div class=\"elementor-widget-container\">\n\t\t\t\t\t\t\t<div class=\"elementor-divider\">\n\t\t\t<span class=\"elementor-divider-separator\">\n\t\t\t\t\t\t<\/span>\n\t\t<\/div>\n\t\t\t\t\t\t<\/div>\n\t\t\t\t<\/div>\n\t\t\t\t\t<\/div>\n\t\t<\/div>\n\t\t\t\t\t<\/div>\n\t\t<\/section>\n\t\t\t\t<section class=\"elementor-section elementor-top-section elementor-element elementor-element-6a186a5b elementor-section-boxed elementor-section-height-default elementor-section-height-default\" data-id=\"6a186a5b\" data-element_type=\"section\" data-settings=\"{&quot;background_background&quot;:&quot;classic&quot;}\">\n\t\t\t\t\t\t<div class=\"elementor-container elementor-column-gap-default\">\n\t\t\t\t\t<div class=\"elementor-column elementor-col-100 elementor-top-column elementor-element elementor-element-2c96d09b\" data-id=\"2c96d09b\" data-element_type=\"column\">\n\t\t\t<div class=\"elementor-widget-wrap elementor-element-populated\">\n\t\t\t\t\t\t<div class=\"elementor-element elementor-element-1acc579b elementor-widget-divider--view-line elementor-widget elementor-widget-divider\" data-id=\"1acc579b\" data-element_type=\"widget\" data-widget_type=\"divider.default\">\n\t\t\t\t<div class=\"elementor-widget-container\">\n\t\t\t\t\t\t\t<div class=\"elementor-divider\">\n\t\t\t<span class=\"elementor-divider-separator\">\n\t\t\t\t\t\t<\/span>\n\t\t<\/div>\n\t\t\t\t\t\t<\/div>\n\t\t\t\t<\/div>\n\t\t\t\t\t<\/div>\n\t\t<\/div>\n\t\t\t\t\t<\/div>\n\t\t<\/section>\n\t\t\t\t<section class=\"elementor-section elementor-top-section elementor-element elementor-element-33f270fe elementor-section-boxed elementor-section-height-default elementor-section-height-default\" data-id=\"33f270fe\" data-element_type=\"section\" data-settings=\"{&quot;background_background&quot;:&quot;classic&quot;}\">\n\t\t\t\t\t\t<div class=\"elementor-container elementor-column-gap-default\">\n\t\t\t\t\t<div class=\"elementor-column elementor-col-100 elementor-top-column elementor-element elementor-element-70221fec\" data-id=\"70221fec\" data-element_type=\"column\">\n\t\t\t<div class=\"elementor-widget-wrap elementor-element-populated\">\n\t\t\t\t\t\t<div class=\"elementor-element elementor-element-9893199 elementor-widget elementor-widget-spacer\" data-id=\"9893199\" data-element_type=\"widget\" data-widget_type=\"spacer.default\">\n\t\t\t\t<div class=\"elementor-widget-container\">\n\t\t\t\t\t\t\t<div class=\"elementor-spacer\">\n\t\t\t<div class=\"elementor-spacer-inner\"><\/div>\n\t\t<\/div>\n\t\t\t\t\t\t<\/div>\n\t\t\t\t<\/div>\n\t\t\t\t<div class=\"elementor-element elementor-element-d8a9265 elementor-widget elementor-widget-heading\" data-id=\"d8a9265\" data-element_type=\"widget\" data-widget_type=\"heading.default\">\n\t\t\t\t<div class=\"elementor-widget-container\">\n\t\t\t\t\t<h6 class=\"elementor-heading-title elementor-size-small\">Eine geschmacklich frische Reise mit POKAWA<\/h6>\t\t\t\t<\/div>\n\t\t\t\t<\/div>\n\t\t\t\t<section class=\"elementor-section elementor-inner-section elementor-element elementor-element-1ce269dd elementor-reverse-mobile elementor-section-boxed elementor-section-height-default elementor-section-height-default\" data-id=\"1ce269dd\" data-element_type=\"section\">\n\t\t\t\t\t\t<div class=\"elementor-container elementor-column-gap-wider\">\n\t\t\t\t\t<div class=\"elementor-column elementor-col-50 elementor-inner-column elementor-element elementor-element-c936b70\" data-id=\"c936b70\" data-element_type=\"column\">\n\t\t\t<div class=\"elementor-widget-wrap elementor-element-populated\">\n\t\t\t\t\t\t<div class=\"elementor-element elementor-element-1597c916 elementor-widget elementor-widget-text-editor\" data-id=\"1597c916\" data-element_type=\"widget\" data-widget_type=\"text-editor.default\">\n\t\t\t\t<div class=\"elementor-widget-container\">\n\t\t\t\t\t\t\t\t\t<p>Unser Konzept hat seine Urspr\u00fcnge dort, wo die Sonnenstrahlen \u2600\ufe0f, der Schaum der Wellen \ud83c\udf0a und der Duft von Monoi die Herzen \u2764\ufe0f vereinen.<\/p>\t\t\t\t\t\t\t\t<\/div>\n\t\t\t\t<\/div>\n\t\t\t\t<div class=\"elementor-element elementor-element-88fee30 elementor-widget elementor-widget-text-editor\" data-id=\"88fee30\" data-element_type=\"widget\" data-widget_type=\"text-editor.default\">\n\t\t\t\t<div class=\"elementor-widget-container\">\n\t\t\t\t\t\t\t\t\t<p>Anh\u00e4nger von Backpacking-Reisen \ud83c\udf92, war es im Jahr 2016, dass <strong>Maxime Buhler<\/strong> und <strong>Samuel Carr\u00e9<\/strong> entdecken Pok\u00e9, ein typisch hawaiianisches Gericht \ud83c\udf3a.<\/p><p>Und raten Sie mal, was? It's a match \ud83d\ude1d.<\/p><p>Auf halbem Weg zwischen Chirashi und Ceviche \ud83e\udd57, dem<strong> Pok\u00e9 Bowl<\/strong> besteht urspr\u00fcnglich aus mariniertem rohem Fisch \ud83d\udc1f, frischem Obst und Gem\u00fcse \ud83d\ude0b, das alles auf einer Basis aus Essigreis abgelegt wird.<\/p>\t\t\t\t\t\t\t\t<\/div>\n\t\t\t\t<\/div>\n\t\t\t\t\t<\/div>\n\t\t<\/div>\n\t\t\t\t<div class=\"elementor-column elementor-col-50 elementor-inner-column elementor-element elementor-element-4e423ebb\" data-id=\"4e423ebb\" data-element_type=\"column\">\n\t\t\t<div class=\"elementor-widget-wrap elementor-element-populated\">\n\t\t\t\t\t\t<div class=\"elementor-element elementor-element-640732e elementor-widget elementor-widget-image\" data-id=\"640732e\" data-element_type=\"widget\" data-widget_type=\"image.default\">\n\t\t\t\t<div class=\"elementor-widget-container\">\n\t\t\t\t\t\t\t\t\t\t\t\t\t\t\t<img fetchpriority=\"high\" decoding=\"async\" width=\"800\" height=\"620\" src=\"https:\/\/pokawa.be\/wp-content\/uploads\/2023\/07\/Images-page-concept-1024x794.webp\" class=\"attachment-large size-large wp-image-7817\" alt=\"\" srcset=\"https:\/\/pokawa.be\/wp-content\/uploads\/2023\/07\/Images-page-concept-1024x794.webp 1024w, https:\/\/pokawa.be\/wp-content\/uploads\/2023\/07\/Images-page-concept-300x233.webp 300w, https:\/\/pokawa.be\/wp-content\/uploads\/2023\/07\/Images-page-concept-768x596.webp 768w, https:\/\/pokawa.be\/wp-content\/uploads\/2023\/07\/Images-page-concept-1536x1191.webp 1536w, https:\/\/pokawa.be\/wp-content\/uploads\/2023\/07\/Images-page-concept-15x12.webp 15w, https:\/\/pokawa.be\/wp-content\/uploads\/2023\/07\/Images-page-concept.webp 1591w\" sizes=\"(max-width: 800px) 100vw, 800px\" \/>\t\t\t\t\t\t\t\t\t\t\t\t\t\t\t<\/div>\n\t\t\t\t<\/div>\n\t\t\t\t\t<\/div>\n\t\t<\/div>\n\t\t\t\t\t<\/div>\n\t\t<\/section>\n\t\t\t\t<div class=\"elementor-element elementor-element-05c90bc elementor-widget-divider--view-line elementor-widget elementor-widget-divider\" data-id=\"05c90bc\" data-element_type=\"widget\" data-widget_type=\"divider.default\">\n\t\t\t\t<div class=\"elementor-widget-container\">\n\t\t\t\t\t\t\t<div class=\"elementor-divider\">\n\t\t\t<span class=\"elementor-divider-separator\">\n\t\t\t\t\t\t<\/span>\n\t\t<\/div>\n\t\t\t\t\t\t<\/div>\n\t\t\t\t<\/div>\n\t\t\t\t<section class=\"elementor-section elementor-inner-section elementor-element elementor-element-e7eef15 elementor-section-boxed elementor-section-height-default elementor-section-height-default\" data-id=\"e7eef15\" data-element_type=\"section\">\n\t\t\t\t\t\t<div class=\"elementor-container elementor-column-gap-wider\">\n\t\t\t\t\t<div class=\"elementor-column elementor-col-50 elementor-inner-column elementor-element elementor-element-21ae4a8\" data-id=\"21ae4a8\" data-element_type=\"column\">\n\t\t\t<div class=\"elementor-widget-wrap elementor-element-populated\">\n\t\t\t\t\t\t<div class=\"elementor-element elementor-element-1569451 elementor-widget elementor-widget-image\" data-id=\"1569451\" data-element_type=\"widget\" data-widget_type=\"image.default\">\n\t\t\t\t<div class=\"elementor-widget-container\">\n\t\t\t\t\t\t\t\t\t\t\t\t\t\t\t<img decoding=\"async\" src=\"https:\/\/pokawa.be\/wp-content\/uploads\/2023\/07\/Images-page-concept-2.webp\" title=\"Bilder Konzeptseite 2\" alt=\"Bilder Konzeptseite 2\" loading=\"lazy\" \/>\t\t\t\t\t\t\t\t\t\t\t\t\t\t\t<\/div>\n\t\t\t\t<\/div>\n\t\t\t\t\t<\/div>\n\t\t<\/div>\n\t\t\t\t<div class=\"elementor-column elementor-col-50 elementor-inner-column elementor-element elementor-element-de65b8f\" data-id=\"de65b8f\" data-element_type=\"column\">\n\t\t\t<div class=\"elementor-widget-wrap elementor-element-populated\">\n\t\t\t\t\t\t<div class=\"elementor-element elementor-element-e726204 elementor-widget elementor-widget-text-editor\" data-id=\"e726204\" data-element_type=\"widget\" data-widget_type=\"text-editor.default\">\n\t\t\t\t<div class=\"elementor-widget-container\">\n\t\t\t\t\t\t\t\t\t<p>Ein Jahr und einige tausend zur\u00fcckgelegte Kilometer sp\u00e4ter \ud83d\udc63, gr\u00fcnden unsere beiden Weltenbummler POKAWA\ud83c\udf4d, den 1. auf Pok\u00e9 spezialisierten Sender in Frankreich \ud83c\uddeb\ud83c\uddf7.<\/p>\t\t\t\t\t\t\t\t<\/div>\n\t\t\t\t<\/div>\n\t\t\t\t<div class=\"elementor-element elementor-element-42367f0 elementor-widget elementor-widget-text-editor\" data-id=\"42367f0\" data-element_type=\"widget\" data-widget_type=\"text-editor.default\">\n\t\t\t\t<div class=\"elementor-widget-container\">\n\t\t\t\t\t\t\t\t\t<p>Kontraktion von \".<strong>Pok\u00e9<\/strong>\" und \"<strong>Hawaii<\/strong>\", die Marke ist wie unsere Gr\u00fcnder: eine Ode an das Reisen \u2708\ufe0f Tant durch die <strong>exotische, farbenfrohe und leckere Rezepte<\/strong> die sie anbietet, als auch durch die entfremdende und gem\u00fctliche Einrichtung ihrer Restaurants \ud83c\udf34\ud83c\udf08.<\/p>\n<p><strong>Gourmands, gesund und vollwertig<\/strong>Unsere Pok\u00e9 finden ihr Gleichgewicht an der Grenze zwischen gutem und gutem Essen. Gro\u00df genug, um sich satt zu essen, und vollgepackt mit guten Sachen. <strong>N\u00e4hrstoffe<\/strong> um die Schuld zum Schweigen zu bringen \ud83e\udd70.<\/p>\t\t\t\t\t\t\t\t<\/div>\n\t\t\t\t<\/div>\n\t\t\t\t<div class=\"elementor-element elementor-element-9c1dccb elementor-widget elementor-widget-text-editor\" data-id=\"9c1dccb\" data-element_type=\"widget\" data-widget_type=\"text-editor.default\">\n\t\t\t\t<div class=\"elementor-widget-container\">\n\t\t\t\t\t\t\t\t\t<p>Vorschlagen einer <strong>breite Palette<\/strong> von Einnahmen von <strong>gesalzen<\/strong> unter <strong>s\u00fc\u00df<\/strong>Wir lassen unseren Kunden auch die M\u00f6glichkeit, ihre Pok\u00e9 Bowl je nach Jahreszeit, Geschmack, Hunger und Di\u00e4t selbst zusammenzustellen \ud83d\ude0b.<\/p><p>Heute z\u00e4hlen wir <strong>einhundert<\/strong> von Barakawas \ud83c\udf4d, die \u00fcberall in <strong>Frankreich<\/strong> sowie in der<strong>international<\/strong> \ud83c\udf0e (Luxemburg, Belgien, Schweiz, Spanien, Portugal).<\/p>\t\t\t\t\t\t\t\t<\/div>\n\t\t\t\t<\/div>\n\t\t\t\t\t<\/div>\n\t\t<\/div>\n\t\t\t\t\t<\/div>\n\t\t<\/section>\n\t\t\t\t<div class=\"elementor-element elementor-element-84df2d8 elementor-widget elementor-widget-spacer\" data-id=\"84df2d8\" data-element_type=\"widget\" data-widget_type=\"spacer.default\">\n\t\t\t\t<div class=\"elementor-widget-container\">\n\t\t\t\t\t\t\t<div class=\"elementor-spacer\">\n\t\t\t<div class=\"elementor-spacer-inner\"><\/div>\n\t\t<\/div>\n\t\t\t\t\t\t<\/div>\n\t\t\t\t<\/div>\n\t\t\t\t\t<\/div>\n\t\t<\/div>\n\t\t\t\t\t<\/div>\n\t\t<\/section>\n\t\t\t\t<section class=\"elementor-section elementor-top-section elementor-element elementor-element-f563ec6 elementor-section-boxed elementor-section-height-default elementor-section-height-default\" data-id=\"f563ec6\" data-element_type=\"section\" data-settings=\"{&quot;background_background&quot;:&quot;classic&quot;}\">\n\t\t\t\t\t\t<div class=\"elementor-container elementor-column-gap-default\">\n\t\t\t\t\t<div class=\"elementor-column elementor-col-100 elementor-top-column elementor-element elementor-element-a8d946c\" data-id=\"a8d946c\" data-element_type=\"column\">\n\t\t\t<div class=\"elementor-widget-wrap elementor-element-populated\">\n\t\t\t\t\t\t<div class=\"elementor-element elementor-element-d75b37e elementor-widget elementor-widget-heading\" data-id=\"d75b37e\" data-element_type=\"widget\" data-widget_type=\"heading.default\">\n\t\t\t\t<div class=\"elementor-widget-container\">\n\t\t\t\t\t<h6 class=\"elementor-heading-title elementor-size-small\">Letztendlich verbindet POKAWA Reisen, gesundes Essen und gute Laune!<\/h6>\t\t\t\t<\/div>\n\t\t\t\t<\/div>\n\t\t\t\t<div class=\"elementor-element elementor-element-e65cff4 elementor-widget elementor-widget-image\" data-id=\"e65cff4\" data-element_type=\"widget\" data-widget_type=\"image.default\">\n\t\t\t\t<div class=\"elementor-widget-container\">\n\t\t\t\t\t\t\t\t\t\t\t\t\t\t\t<img decoding=\"async\" width=\"1536\" height=\"824\" src=\"https:\/\/pokawa.be\/wp-content\/uploads\/2023\/07\/ARTICLE-SISSY-MUA-1-1536x824.webp\" class=\"attachment-1536x1536 size-1536x1536 wp-image-7810\" alt=\"\" srcset=\"https:\/\/pokawa.be\/wp-content\/uploads\/2023\/07\/ARTICLE-SISSY-MUA-1-1536x824.webp 1536w, https:\/\/pokawa.be\/wp-content\/uploads\/2023\/07\/ARTICLE-SISSY-MUA-1-300x161.webp 300w, https:\/\/pokawa.be\/wp-content\/uploads\/2023\/07\/ARTICLE-SISSY-MUA-1-1024x549.webp 1024w, https:\/\/pokawa.be\/wp-content\/uploads\/2023\/07\/ARTICLE-SISSY-MUA-1-768x412.webp 768w, https:\/\/pokawa.be\/wp-content\/uploads\/2023\/07\/ARTICLE-SISSY-MUA-1-2048x1098.webp 1920w, https:\/\/pokawa.be\/wp-content\/uploads\/2023\/07\/ARTICLE-SISSY-MUA-1-18x10.webp 18w, https:\/\/pokawa.be\/wp-content\/uploads\/2023\/07\/ARTICLE-SISSY-MUA-1.webp 1600w\" sizes=\"(max-width: 1536px) 100vw, 1536px\" \/>\t\t\t\t\t\t\t\t\t\t\t\t\t\t\t<\/div>\n\t\t\t\t<\/div>\n\t\t\t\t<section class=\"elementor-section elementor-inner-section elementor-element elementor-element-0657232 elementor-section-boxed elementor-section-height-default elementor-section-height-default\" data-id=\"0657232\" data-element_type=\"section\">\n\t\t\t\t\t\t<div class=\"elementor-container elementor-column-gap-default\">\n\t\t\t\t\t<div class=\"elementor-column elementor-col-33 elementor-inner-column elementor-element elementor-element-1e23484\" data-id=\"1e23484\" data-element_type=\"column\">\n\t\t\t<div class=\"elementor-widget-wrap elementor-element-populated\">\n\t\t\t\t\t\t<div class=\"elementor-element elementor-element-5fc6934b elementor-widget elementor-widget-counter\" data-id=\"5fc6934b\" data-element_type=\"widget\" data-widget_type=\"counter.default\">\n\t\t\t\t<div class=\"elementor-widget-container\">\n\t\t\t\t\t\t\t<div class=\"elementor-counter\">\n\t\t\t<div class=\"elementor-counter-title\">HEALTHY<\/div>\t\t\t<div class=\"elementor-counter-number-wrapper\">\n\t\t\t\t<span class=\"elementor-counter-number-prefix\"><\/span>\n\t\t\t\t<span class=\"elementor-counter-number\" data-duration=\"2000\" data-to-value=\"100\" data-from-value=\"0\" data-delimiter=\",\">0<\/span>\n\t\t\t\t<span class=\"elementor-counter-number-suffix\">%<\/span>\n\t\t\t<\/div>\n\t\t<\/div>\n\t\t\t\t\t\t<\/div>\n\t\t\t\t<\/div>\n\t\t\t\t\t<\/div>\n\t\t<\/div>\n\t\t\t\t<div class=\"elementor-column elementor-col-33 elementor-inner-column elementor-element elementor-element-d6f33c3\" data-id=\"d6f33c3\" data-element_type=\"column\">\n\t\t\t<div class=\"elementor-widget-wrap elementor-element-populated\">\n\t\t\t\t\t\t<div class=\"elementor-element elementor-element-5abe3eaa elementor-widget elementor-widget-counter\" data-id=\"5abe3eaa\" data-element_type=\"widget\" data-widget_type=\"counter.default\">\n\t\t\t\t<div class=\"elementor-widget-container\">\n\t\t\t\t\t\t\t<div class=\"elementor-counter\">\n\t\t\t<div class=\"elementor-counter-title\">FARBE<\/div>\t\t\t<div class=\"elementor-counter-number-wrapper\">\n\t\t\t\t<span class=\"elementor-counter-number-prefix\"><\/span>\n\t\t\t\t<span class=\"elementor-counter-number\" data-duration=\"2000\" data-to-value=\"100\" data-from-value=\"50\" data-delimiter=\",\">50<\/span>\n\t\t\t\t<span class=\"elementor-counter-number-suffix\">%<\/span>\n\t\t\t<\/div>\n\t\t<\/div>\n\t\t\t\t\t\t<\/div>\n\t\t\t\t<\/div>\n\t\t\t\t\t<\/div>\n\t\t<\/div>\n\t\t\t\t<div class=\"elementor-column elementor-col-33 elementor-inner-column elementor-element elementor-element-f2cba50\" data-id=\"f2cba50\" data-element_type=\"column\">\n\t\t\t<div class=\"elementor-widget-wrap elementor-element-populated\">\n\t\t\t\t\t\t<div class=\"elementor-element elementor-element-6c994756 elementor-widget elementor-widget-counter\" data-id=\"6c994756\" data-element_type=\"widget\" data-widget_type=\"counter.default\">\n\t\t\t\t<div class=\"elementor-widget-container\">\n\t\t\t\t\t\t\t<div class=\"elementor-counter\">\n\t\t\t<div class=\"elementor-counter-title\">KOSTEN<\/div>\t\t\t<div class=\"elementor-counter-number-wrapper\">\n\t\t\t\t<span class=\"elementor-counter-number-prefix\"><\/span>\n\t\t\t\t<span class=\"elementor-counter-number\" data-duration=\"2000\" data-to-value=\"100\" data-from-value=\"50\" data-delimiter=\",\">50<\/span>\n\t\t\t\t<span class=\"elementor-counter-number-suffix\">%<\/span>\n\t\t\t<\/div>\n\t\t<\/div>\n\t\t\t\t\t\t<\/div>\n\t\t\t\t<\/div>\n\t\t\t\t\t<\/div>\n\t\t<\/div>\n\t\t\t\t\t<\/div>\n\t\t<\/section>\n\t\t\t\t<div class=\"elementor-element elementor-element-3440ccf elementor-align-center elementor-widget elementor-widget-button\" data-id=\"3440ccf\" data-element_type=\"widget\" data-widget_type=\"button.default\">\n\t\t\t\t<div class=\"elementor-widget-container\">\n\t\t\t\t\t\t\t\t\t<div class=\"elementor-button-wrapper\">\n\t\t\t\t\t<a class=\"elementor-button elementor-button-link elementor-size-sm elementor-animation-shrink\" href=\"https:\/\/ordering.pokawa.com\/\">\n\t\t\t\t\t\t<span class=\"elementor-button-content-wrapper\">\n\t\t\t\t\t\t<span class=\"elementor-button-icon\">\n\t\t\t\t<svg aria-hidden=\"true\" class=\"e-font-icon-svg e-fas-arrow-right\" viewbox=\"0 0 448 512\" xmlns=\"http:\/\/www.w3.org\/2000\/svg\"><path d=\"M190.5 66.9l22.2-22.2c9.4-9.4 24.6-9.4 33.9 0L441 239c9.4 9.4 9.4 24.6 0 33.9L246.6 467.3c-9.4 9.4-24.6 9.4-33.9 0l-22.2-22.2c-9.5-9.5-9.3-25 .4-34.3L311.4 296H24c-13.3 0-24-10.7-24-24v-32c0-13.3 10.7-24 24-24h287.4L190.9 101.2c-9.8-9.3-10-24.8-.4-34.3z\"><\/path><\/svg>\t\t\t<\/span>\n\t\t\t\t\t\t\t\t\t<span class=\"elementor-button-text\">RICHTUNG HAWAII<\/span>\n\t\t\t\t\t<\/span>\n\t\t\t\t\t<\/a>\n\t\t\t\t<\/div>\n\t\t\t\t\t\t\t\t<\/div>\n\t\t\t\t<\/div>\n\t\t\t\t\t<\/div>\n\t\t<\/div>\n\t\t\t\t\t<\/div>\n\t\t<\/section>\n\t\t\t\t<\/div>","protected":false},"excerpt":{"rendered":"<p>Eine geschmacklich frische Reise mit POKAWA Unser Konzept hat seinen Ursprung dort, wo die Sonnenstrahlen \u2600\ufe0f, der Schaum der Wellen \ud83c\udf0a und der Duft von Monoi die Herzen vereinen \u2764\ufe0f Als Anh\u00e4nger von Backpack-Reisen \ud83c\udf92 entdeckten Maxime Buhler und Samuel Carr\u00e9 2016 Pok\u00e9, ein typisch hawaiianisches Gericht \ud83c\udf3a Und raten Sie mal [...].<\/p>","protected":false},"author":3,"featured_media":7791,"parent":0,"menu_order":0,"comment_status":"closed","ping_status":"closed","template":"elementor_header_footer","meta":{"_acf_changed":false,"footnotes":""},"acf":[],"aioseo_notices":[],"_links":{"self":[{"href":"https:\/\/pokawa.be\/de\/wp-json\/wp\/v2\/pages\/7790"}],"collection":[{"href":"https:\/\/pokawa.be\/de\/wp-json\/wp\/v2\/pages"}],"about":[{"href":"https:\/\/pokawa.be\/de\/wp-json\/wp\/v2\/types\/page"}],"author":[{"embeddable":true,"href":"https:\/\/pokawa.be\/de\/wp-json\/wp\/v2\/users\/3"}],"replies":[{"embeddable":true,"href":"https:\/\/pokawa.be\/de\/wp-json\/wp\/v2\/comments?post=7790"}],"version-history":[{"count":13,"href":"https:\/\/pokawa.be\/de\/wp-json\/wp\/v2\/pages\/7790\/revisions"}],"predecessor-version":[{"id":9318,"href":"https:\/\/pokawa.be\/de\/wp-json\/wp\/v2\/pages\/7790\/revisions\/9318"}],"wp:featuredmedia":[{"embeddable":true,"href":"https:\/\/pokawa.be\/de\/wp-json\/wp\/v2\/media\/7791"}],"wp:attachment":[{"href":"https:\/\/pokawa.be\/de\/wp-json\/wp\/v2\/media?parent=7790"}],"curies":[{"name":"wp","href":"https:\/\/api.w.org\/{rel}","templated":true}]}}