{"id":8013,"date":"2023-08-08T10:11:26","date_gmt":"2023-08-08T08:11:26","guid":{"rendered":"https:\/\/pokawa.be\/?page_id=8013"},"modified":"2024-02-15T12:49:44","modified_gmt":"2024-02-15T11:49:44","slug":"qualite-hygiene","status":"publish","type":"page","link":"https:\/\/pokawa.be\/de\/qualitat-hygiene\/","title":{"rendered":"Qualit\u00e4t &amp; Hygiene"},"content":{"rendered":"<div data-elementor-type=\"wp-page\" data-elementor-id=\"8013\" class=\"elementor elementor-8013\" data-elementor-post-type=\"page\">\n\t\t\t\t\t\t<section class=\"elementor-section elementor-top-section elementor-element elementor-element-906bef1 elementor-section-boxed elementor-section-height-default elementor-section-height-default\" data-id=\"906bef1\" data-element_type=\"section\" data-settings=\"{&quot;background_background&quot;:&quot;classic&quot;}\">\n\t\t\t\t\t\t<div class=\"elementor-container elementor-column-gap-default\">\n\t\t\t\t\t<div class=\"elementor-column elementor-col-100 elementor-top-column elementor-element elementor-element-74701dbe\" data-id=\"74701dbe\" data-element_type=\"column\">\n\t\t\t<div class=\"elementor-widget-wrap elementor-element-populated\">\n\t\t\t\t\t\t<div class=\"elementor-element elementor-element-70636305 elementor-widget elementor-widget-theme-post-title elementor-page-title elementor-widget-heading\" data-id=\"70636305\" data-element_type=\"widget\" data-widget_type=\"theme-post-title.default\">\n\t\t\t\t<div class=\"elementor-widget-container\">\n\t\t\t\t\t<h1 class=\"elementor-heading-title elementor-size-default\">Qualit\u00e4t &amp; Hygiene<\/h1>\t\t\t\t<\/div>\n\t\t\t\t<\/div>\n\t\t\t\t<div class=\"elementor-element elementor-element-8b33e07 elementor-widget-divider--view-line elementor-widget elementor-widget-global elementor-global-3920 elementor-widget-divider\" data-id=\"8b33e07\" data-element_type=\"widget\" data-widget_type=\"divider.default\">\n\t\t\t\t<div class=\"elementor-widget-container\">\n\t\t\t\t\t\t\t<div class=\"elementor-divider\">\n\t\t\t<span class=\"elementor-divider-separator\">\n\t\t\t\t\t\t<\/span>\n\t\t<\/div>\n\t\t\t\t\t\t<\/div>\n\t\t\t\t<\/div>\n\t\t\t\t\t<\/div>\n\t\t<\/div>\n\t\t\t\t\t<\/div>\n\t\t<\/section>\n\t\t\t\t<section class=\"elementor-section elementor-top-section elementor-element elementor-element-6a186a5b elementor-section-boxed elementor-section-height-default elementor-section-height-default\" data-id=\"6a186a5b\" data-element_type=\"section\" data-settings=\"{&quot;background_background&quot;:&quot;classic&quot;}\">\n\t\t\t\t\t\t<div class=\"elementor-container elementor-column-gap-default\">\n\t\t\t\t\t<div class=\"elementor-column elementor-col-100 elementor-top-column elementor-element elementor-element-2c96d09b\" data-id=\"2c96d09b\" data-element_type=\"column\">\n\t\t\t<div class=\"elementor-widget-wrap elementor-element-populated\">\n\t\t\t\t\t\t<div class=\"elementor-element elementor-element-1acc579b elementor-widget-divider--view-line elementor-widget elementor-widget-divider\" data-id=\"1acc579b\" data-element_type=\"widget\" data-widget_type=\"divider.default\">\n\t\t\t\t<div class=\"elementor-widget-container\">\n\t\t\t\t\t\t\t<div class=\"elementor-divider\">\n\t\t\t<span class=\"elementor-divider-separator\">\n\t\t\t\t\t\t<\/span>\n\t\t<\/div>\n\t\t\t\t\t\t<\/div>\n\t\t\t\t<\/div>\n\t\t\t\t\t<\/div>\n\t\t<\/div>\n\t\t\t\t\t<\/div>\n\t\t<\/section>\n\t\t\t\t<section class=\"elementor-section elementor-top-section elementor-element elementor-element-33f270fe elementor-section-boxed elementor-section-height-default elementor-section-height-default\" data-id=\"33f270fe\" data-element_type=\"section\" data-settings=\"{&quot;background_background&quot;:&quot;classic&quot;}\">\n\t\t\t\t\t\t<div class=\"elementor-container elementor-column-gap-default\">\n\t\t\t\t\t<div class=\"elementor-column elementor-col-100 elementor-top-column elementor-element elementor-element-70221fec\" data-id=\"70221fec\" data-element_type=\"column\">\n\t\t\t<div class=\"elementor-widget-wrap elementor-element-populated\">\n\t\t\t\t\t\t<section class=\"elementor-section elementor-inner-section elementor-element elementor-element-1ce269dd elementor-section-boxed elementor-section-height-default elementor-section-height-default\" data-id=\"1ce269dd\" data-element_type=\"section\">\n\t\t\t\t\t\t<div class=\"elementor-container elementor-column-gap-wider\">\n\t\t\t\t\t<div class=\"elementor-column elementor-col-50 elementor-inner-column elementor-element elementor-element-4e423ebb\" data-id=\"4e423ebb\" data-element_type=\"column\">\n\t\t\t<div class=\"elementor-widget-wrap elementor-element-populated\">\n\t\t\t\t\t\t<div class=\"elementor-element elementor-element-ef87944 elementor-widget elementor-widget-heading\" data-id=\"ef87944\" data-element_type=\"widget\" data-widget_type=\"heading.default\">\n\t\t\t\t<div class=\"elementor-widget-container\">\n\t\t\t\t\t<h2 class=\"elementor-heading-title elementor-size-medium\">Seit 2017 geben wir unser Bestes, damit jeder Bissen unserer Pok\u00e9s unsere Kunden unter die Kokospalmen entf\u00fchrt \ud83c\udf34.<\/h2>\t\t\t\t<\/div>\n\t\t\t\t<\/div>\n\t\t\t\t<div class=\"elementor-element elementor-element-88fee30 elementor-widget elementor-widget-text-editor\" data-id=\"88fee30\" data-element_type=\"widget\" data-widget_type=\"text-editor.default\">\n\t\t\t\t<div class=\"elementor-widget-container\">\n\t\t\t\t\t\t\t\t\t<p><span style=\"font-family: var( --e-global-typography-d4ca745-font-family ), Sans-serif; font-size: var( --e-global-typography-d4ca745-font-size ); font-weight: var( --e-global-typography-d4ca745-font-weight ); letter-spacing: var( --e-global-typography-d4ca745-letter-spacing ); word-spacing: var( --e-global-typography-d4ca745-word-spacing );\">\u2600\ufe0fCette Einladung zur Reise zeichnet sich durch verschiedene Garantien aus, beginnend mit der <\/span><strong>Frische<\/strong><span style=\"font-family: var( --e-global-typography-d4ca745-font-family ), Sans-serif; font-size: var( --e-global-typography-d4ca745-font-size ); font-weight: var( --e-global-typography-d4ca745-font-weight ); letter-spacing: var( --e-global-typography-d4ca745-letter-spacing ); word-spacing: var( --e-global-typography-d4ca745-word-spacing );\">Die <\/span><strong>Geschmack<\/strong><span style=\"font-family: var( --e-global-typography-d4ca745-font-family ), Sans-serif; font-size: var( --e-global-typography-d4ca745-font-size ); font-weight: var( --e-global-typography-d4ca745-font-weight ); letter-spacing: var( --e-global-typography-d4ca745-letter-spacing ); word-spacing: var( --e-global-typography-d4ca745-word-spacing );\"> und die <\/span><strong>Qualit\u00e4t<\/strong><span style=\"font-family: var( --e-global-typography-d4ca745-font-family ), Sans-serif; font-size: var( --e-global-typography-d4ca745-font-size ); font-weight: var( --e-global-typography-d4ca745-font-weight ); letter-spacing: var( --e-global-typography-d4ca745-letter-spacing ); word-spacing: var( --e-global-typography-d4ca745-word-spacing );\"> der Produkte, aus denen sich unsere Einnahmen zusammensetzen \u2728.<\/span><\/p><p>\ud83d\udc49 Durch die enge und t\u00e4gliche Zusammenarbeit mit unseren verschiedenen Lieferanten und Produzenten sind wir in der Lage, unsere Produkte sorgf\u00e4ltig auszuw\u00e4hlen, ihre R\u00fcckverfolgbarkeit zu gew\u00e4hrleisten und w\u00f6chentlich verschiedene Lieferungen in jeden unserer Barakawas sicherzustellen.<\/p>\t\t\t\t\t\t\t\t<\/div>\n\t\t\t\t<\/div>\n\t\t\t\t\t<\/div>\n\t\t<\/div>\n\t\t\t\t<div class=\"elementor-column elementor-col-50 elementor-inner-column elementor-element elementor-element-c936b70\" data-id=\"c936b70\" data-element_type=\"column\">\n\t\t\t<div class=\"elementor-widget-wrap elementor-element-populated\">\n\t\t\t\t\t\t<div class=\"elementor-element elementor-element-089c3aa elementor-widget elementor-widget-video\" data-id=\"089c3aa\" data-element_type=\"widget\" data-settings=\"{&quot;youtube_url&quot;:&quot;https:\\\/\\\/youtu.be\\\/fF9GUSsesuc&quot;,&quot;autoplay&quot;:&quot;yes&quot;,&quot;play_on_mobile&quot;:&quot;yes&quot;,&quot;video_type&quot;:&quot;youtube&quot;,&quot;controls&quot;:&quot;yes&quot;}\" data-widget_type=\"video.default\">\n\t\t\t\t<div class=\"elementor-widget-container\">\n\t\t\t\t\t\t\t<div class=\"elementor-wrapper elementor-open-inline\">\n\t\t\t<div class=\"elementor-video\"><\/div>\t\t<\/div>\n\t\t\t\t\t\t<\/div>\n\t\t\t\t<\/div>\n\t\t\t\t\t<\/div>\n\t\t<\/div>\n\t\t\t\t\t<\/div>\n\t\t<\/section>\n\t\t\t\t<div class=\"elementor-element elementor-element-10c25a9 elementor-widget elementor-widget-spacer\" data-id=\"10c25a9\" data-element_type=\"widget\" data-widget_type=\"spacer.default\">\n\t\t\t\t<div class=\"elementor-widget-container\">\n\t\t\t\t\t\t\t<div class=\"elementor-spacer\">\n\t\t\t<div class=\"elementor-spacer-inner\"><\/div>\n\t\t<\/div>\n\t\t\t\t\t\t<\/div>\n\t\t\t\t<\/div>\n\t\t\t\t<div class=\"elementor-element elementor-element-f9fcae1 elementor-widget elementor-widget-heading\" data-id=\"f9fcae1\" data-element_type=\"widget\" data-widget_type=\"heading.default\">\n\t\t\t\t<div class=\"elementor-widget-container\">\n\t\t\t\t\t<h3 class=\"elementor-heading-title elementor-size-large\">HOCHWERTIGE PRODUKTE <\/h3>\t\t\t\t<\/div>\n\t\t\t\t<\/div>\n\t\t\t\t<div class=\"elementor-element elementor-element-dc3fc85 elementor-widget elementor-widget-spacer\" data-id=\"dc3fc85\" data-element_type=\"widget\" data-widget_type=\"spacer.default\">\n\t\t\t\t<div class=\"elementor-widget-container\">\n\t\t\t\t\t\t\t<div class=\"elementor-spacer\">\n\t\t\t<div class=\"elementor-spacer-inner\"><\/div>\n\t\t<\/div>\n\t\t\t\t\t\t<\/div>\n\t\t\t\t<\/div>\n\t\t\t\t<div class=\"elementor-element elementor-element-05d9dce elementor-widget elementor-widget-image\" data-id=\"05d9dce\" data-element_type=\"widget\" data-widget_type=\"image.default\">\n\t\t\t\t<div class=\"elementor-widget-container\">\n\t\t\t\t\t\t\t\t\t\t\t\t\t\t\t\t<a href=\"http:\/\/pokawa.be\/wp-content\/uploads\/2023\/08\/Capture-decran-2023-08-29-a-111621.png\" data-elementor-open-lightbox=\"yes\" data-elementor-lightbox-title=\"PRODUITS DE QUALIT\u00c9 SUP\u00c9RIEURE\" data-e-action-hash=\"#elementor-action%3Aaction%3Dlightbox%26settings%3DeyJpZCI6ODIzNywidXJsIjoiaHR0cHM6XC9cL3Bva2F3YS5iZVwvd3AtY29udGVudFwvdXBsb2Fkc1wvMjAyM1wvMDhcL0NhcHR1cmUtZGVjcmFuLTIwMjMtMDgtMjktYS0xMTE2MjEud2VicCJ9\">\n\t\t\t\t\t\t\t<img fetchpriority=\"high\" decoding=\"async\" width=\"1600\" height=\"834\" src=\"https:\/\/pokawa.be\/wp-content\/uploads\/2023\/08\/Capture-decran-2023-08-29-a-111621.webp\" class=\"attachment-full size-full wp-image-8237\" alt=\"\" srcset=\"https:\/\/pokawa.be\/wp-content\/uploads\/2023\/08\/Capture-decran-2023-08-29-a-111621.webp 1600w, https:\/\/pokawa.be\/wp-content\/uploads\/2023\/08\/Capture-decran-2023-08-29-a-111621-300x156.webp 300w, https:\/\/pokawa.be\/wp-content\/uploads\/2023\/08\/Capture-decran-2023-08-29-a-111621-1024x534.webp 1024w, https:\/\/pokawa.be\/wp-content\/uploads\/2023\/08\/Capture-decran-2023-08-29-a-111621-768x400.webp 768w, https:\/\/pokawa.be\/wp-content\/uploads\/2023\/08\/Capture-decran-2023-08-29-a-111621-1536x801.webp 1536w, https:\/\/pokawa.be\/wp-content\/uploads\/2023\/08\/Capture-decran-2023-08-29-a-111621-18x9.webp 18w\" sizes=\"(max-width: 1600px) 100vw, 1600px\" \/>\t\t\t\t\t\t\t\t<\/a>\n\t\t\t\t\t\t\t\t\t\t\t\t\t\t\t<\/div>\n\t\t\t\t<\/div>\n\t\t\t\t<div class=\"elementor-element elementor-element-f0073da elementor-widget elementor-widget-spacer\" data-id=\"f0073da\" data-element_type=\"widget\" data-widget_type=\"spacer.default\">\n\t\t\t\t<div class=\"elementor-widget-container\">\n\t\t\t\t\t\t\t<div class=\"elementor-spacer\">\n\t\t\t<div class=\"elementor-spacer-inner\"><\/div>\n\t\t<\/div>\n\t\t\t\t\t\t<\/div>\n\t\t\t\t<\/div>\n\t\t\t\t<div class=\"elementor-element elementor-element-0bfd0cb elementor-widget elementor-widget-heading\" data-id=\"0bfd0cb\" data-element_type=\"widget\" data-widget_type=\"heading.default\">\n\t\t\t\t<div class=\"elementor-widget-container\">\n\t\t\t\t\t<h3 class=\"elementor-heading-title elementor-size-large\">UMWELTBELASTUNG \n<\/h3>\t\t\t\t<\/div>\n\t\t\t\t<\/div>\n\t\t\t\t<div class=\"elementor-element elementor-element-38e1357 elementor-widget elementor-widget-spacer\" data-id=\"38e1357\" data-element_type=\"widget\" data-widget_type=\"spacer.default\">\n\t\t\t\t<div class=\"elementor-widget-container\">\n\t\t\t\t\t\t\t<div class=\"elementor-spacer\">\n\t\t\t<div class=\"elementor-spacer-inner\"><\/div>\n\t\t<\/div>\n\t\t\t\t\t\t<\/div>\n\t\t\t\t<\/div>\n\t\t\t\t<section class=\"elementor-section elementor-inner-section elementor-element elementor-element-638db19 elementor-section-boxed elementor-section-height-default elementor-section-height-default\" data-id=\"638db19\" data-element_type=\"section\">\n\t\t\t\t\t\t<div class=\"elementor-container elementor-column-gap-default\">\n\t\t\t\t\t<div class=\"elementor-column elementor-col-50 elementor-inner-column elementor-element elementor-element-fd713e3\" data-id=\"fd713e3\" data-element_type=\"column\">\n\t\t\t<div class=\"elementor-widget-wrap elementor-element-populated\">\n\t\t\t\t\t\t<div class=\"elementor-element elementor-element-9ed16de elementor-widget elementor-widget-image\" data-id=\"9ed16de\" data-element_type=\"widget\" data-widget_type=\"image.default\">\n\t\t\t\t<div class=\"elementor-widget-container\">\n\t\t\t\t\t\t\t\t\t\t\t\t\t\t\t<img decoding=\"async\" width=\"800\" height=\"542\" src=\"https:\/\/pokawa.be\/wp-content\/uploads\/2023\/08\/qualite-page-2-1-1024x694.webp\" class=\"attachment-large size-large wp-image-8241\" alt=\"\" srcset=\"https:\/\/pokawa.be\/wp-content\/uploads\/2023\/08\/qualite-page-2-1-1024x694.webp 1024w, https:\/\/pokawa.be\/wp-content\/uploads\/2023\/08\/qualite-page-2-1-300x203.webp 300w, https:\/\/pokawa.be\/wp-content\/uploads\/2023\/08\/qualite-page-2-1-768x521.webp 768w, https:\/\/pokawa.be\/wp-content\/uploads\/2023\/08\/qualite-page-2-1-18x12.webp 18w, https:\/\/pokawa.be\/wp-content\/uploads\/2023\/08\/qualite-page-2-1.webp 1254w\" sizes=\"(max-width: 800px) 100vw, 800px\" \/>\t\t\t\t\t\t\t\t\t\t\t\t\t\t\t<\/div>\n\t\t\t\t<\/div>\n\t\t\t\t\t<\/div>\n\t\t<\/div>\n\t\t\t\t<div class=\"elementor-column elementor-col-50 elementor-inner-column elementor-element elementor-element-3260575\" data-id=\"3260575\" data-element_type=\"column\">\n\t\t\t<div class=\"elementor-widget-wrap elementor-element-populated\">\n\t\t\t\t\t\t<div class=\"elementor-element elementor-element-e626dc3 elementor-widget elementor-widget-image\" data-id=\"e626dc3\" data-element_type=\"widget\" data-widget_type=\"image.default\">\n\t\t\t\t<div class=\"elementor-widget-container\">\n\t\t\t\t\t\t\t\t\t\t\t\t\t\t\t<img decoding=\"async\" width=\"800\" height=\"542\" src=\"https:\/\/pokawa.be\/wp-content\/uploads\/2023\/08\/qualite-page-3-1024x694.webp\" class=\"attachment-large size-large wp-image-8242\" alt=\"\" srcset=\"https:\/\/pokawa.be\/wp-content\/uploads\/2023\/08\/qualite-page-3-1024x694.webp 1024w, https:\/\/pokawa.be\/wp-content\/uploads\/2023\/08\/qualite-page-3-300x203.webp 300w, https:\/\/pokawa.be\/wp-content\/uploads\/2023\/08\/qualite-page-3-768x521.webp 768w, https:\/\/pokawa.be\/wp-content\/uploads\/2023\/08\/qualite-page-3-18x12.webp 18w, https:\/\/pokawa.be\/wp-content\/uploads\/2023\/08\/qualite-page-3.png 1106w\" sizes=\"(max-width: 800px) 100vw, 800px\" \/>\t\t\t\t\t\t\t\t\t\t\t\t\t\t\t<\/div>\n\t\t\t\t<\/div>\n\t\t\t\t\t<\/div>\n\t\t<\/div>\n\t\t\t\t\t<\/div>\n\t\t<\/section>\n\t\t\t\t<div class=\"elementor-element elementor-element-7209759 elementor-widget elementor-widget-spacer\" data-id=\"7209759\" data-element_type=\"widget\" data-widget_type=\"spacer.default\">\n\t\t\t\t<div class=\"elementor-widget-container\">\n\t\t\t\t\t\t\t<div class=\"elementor-spacer\">\n\t\t\t<div class=\"elementor-spacer-inner\"><\/div>\n\t\t<\/div>\n\t\t\t\t\t\t<\/div>\n\t\t\t\t<\/div>\n\t\t\t\t<div class=\"elementor-element elementor-element-cad4923 elementor-widget elementor-widget-heading\" data-id=\"cad4923\" data-element_type=\"widget\" data-widget_type=\"heading.default\">\n\t\t\t\t<div class=\"elementor-widget-container\">\n\t\t\t\t\t<h3 class=\"elementor-heading-title elementor-size-large\">HYGIENE<\/h3>\t\t\t\t<\/div>\n\t\t\t\t<\/div>\n\t\t\t\t<div class=\"elementor-element elementor-element-d4ab20a elementor-widget elementor-widget-text-editor\" data-id=\"d4ab20a\" data-element_type=\"widget\" data-widget_type=\"text-editor.default\">\n\t\t\t\t<div class=\"elementor-widget-container\">\n\t\t\t\t\t\t\t\t\t<h6>Bei POKAWA haben wir die Liebe \u2764\ufe0f, die die Hawaiianer f\u00fcr das Leben haben, \u00fcbernommen, indem wir good vibes \ud83c\udf08 verbreiten und gute Praktiken \u2705 in jedem unserer Barakawas anwenden.<\/h6>\t\t\t\t\t\t\t\t<\/div>\n\t\t\t\t<\/div>\n\t\t\t\t<div class=\"elementor-element elementor-element-ff8119e elementor-widget elementor-widget-text-editor\" data-id=\"ff8119e\" data-element_type=\"widget\" data-widget_type=\"text-editor.default\">\n\t\t\t\t<div class=\"elementor-widget-container\">\n\t\t\t\t\t\t\t\t\t<h5><span style=\"font-size: 1.25rem; font-weight: bolder;\">FORMATIONEN<\/span><\/h5>\n<p>Bei ihrer Ankunft sind alle Mitarbeiter in Restaurants verpflichtet, an einer <strong>Schulungen zum Hygienebewusstsein<\/strong>.<\/p>\n<p>Dar\u00fcber hinaus absolvieren unsere Restaurantmanager und Assistant Restaurantmanager 3 bis 4 Wochen vor ihrem offiziellen Arbeitsantritt eine spezielle Schulung vor Ort. So k\u00f6nnen sie sich alle guten Praktiken aneignen, die f\u00fcr die gute F\u00fchrung eines Restaurants notwendig sind \u2705. J\u00e4hrlich werden \u00fcber 500 Hygienekontrollen durch eine externe Stelle und \u00fcber 300 interne Kontrollen durchgef\u00fchrt.<\/p>\n<p>Wenn ein Kunde uns \u00fcber eine Fehlfunktion informiert, wird ein <strong>interne Untersuchung<\/strong> wird sofort ausgel\u00f6st und dann so schnell wie m\u00f6glich bearbeitet.<\/p>\n<p><\/p>\n<h5><strong>AUDITS UND <\/strong><span style=\"font-size: 1.25rem; font-weight: bolder;\">TRAZABILIT\u00c4T<\/span><\/h5>\n<div>\n<p>Von <strong>bakteriologische Audits und Analysen<\/strong> \ud83e\udda0 werden von dem unabh\u00e4ngigen Labor @SGS mindestens einmal pro Quartal in unserem gesamten Netzwerk durchgef\u00fchrt. Diese Kontrollen werden immer unangek\u00fcndigt durchgef\u00fchrt und erm\u00f6glichen so eine <strong>Bilanz<\/strong> Ziel unserer Restaurants unter realen Bedingungen.<\/p>\n<p>Wenn nach diesen Audits eine Anomalie festgestellt wird, wird ein <strong>Aktionsplan<\/strong> wird in dem betreffenden Restaurant ausgel\u00f6st (Gegenaudit, Sensibilisierung des Personals, verschiedene Schulungen, Desinfektion, Arbeiten usw.).<\/p>\n<p>Jedes der im Restaurant vertriebenen Produkte unterliegt einer <strong>strenge R\u00fcckverfolgbarkeit.<\/strong> Wir erfassen n\u00e4mlich alle MHDs und Chargennummern der verwendeten Rohstoffe sowie die Temperaturen \ud83c\udf21\ufe0f unserer K\u00fchlschr\u00e4nke, sodass wir den Lebenszyklus unserer Produkte minuti\u00f6s nachverfolgen k\u00f6nnen.<\/p>\n<p><\/p>\n<h5><span style=\"font-size: 1.25rem; font-weight: bolder;\">REINIGUNG UND <\/span><span style=\"font-size: 1.25rem; font-weight: bolder;\">VERFAHREN<\/span><\/h5>\n<p>Die in unseren Restaurants verwendeten Reinigungsmittel \ud83e\uddfc wurden sorgf\u00e4ltig ausgew\u00e4hlt, um Folgendes zu gew\u00e4hrleisten<strong> eine optimale Reinigung und Desinfektion<\/strong> von unseren Oberfl\u00e4chen. Es handelt sich um @ECOLAB-Produkte, die speziell dem Gastst\u00e4ttengewerbe gewidmet sind.<\/p>\n<p>Dar\u00fcber hinaus sind <strong>Oberfl\u00e4chenanalysen<\/strong> So k\u00f6nnen wir \u00fcberpr\u00fcfen, ob die Reinigungsverfahren in den K\u00fcchen unserer Restaurants ordnungsgem\u00e4\u00df durchgef\u00fchrt werden. 1440 Produkte werden j\u00e4hrlich analysiert. J\u00e4hrlich werden mehr als 500 Hygienekontrollen durch eine externe Stelle und mehr als 300 interne Kontrollen durchgef\u00fchrt.<\/p>\n<p>Alle POKAWA-Restaurants \ud83c\udf4d haben Zugang zum sogenannten <strong>\"Leitfaden f\u00fcr gute Hygienepraxis\"<\/strong>. In dieser Brosch\u00fcre sind alle Hygieneverfahren aufgef\u00fchrt, die in allen unseren Filialen angewendet werden m\u00fcssen. Die meisten dieser Verfahren werden auch direkt in jeder unserer K\u00fcchen ausgeh\u00e4ngt.<\/p>\n<p><\/p>\n<p><span style=\"font-size: 1.25rem; font-weight: bolder;\">KUNDENHINWEISE<\/span><\/p>\n<\/div>\n<p>Die <strong>Kundenzufriedenheit<\/strong> Wir \u00fcberpr\u00fcfen t\u00e4glich alle Bewertungen, die sie auf allen Plattformen (Google, Facebook, Uber Eats, Deliveroo usw.) abgeben.<\/p>\n<p>\u26a0\ufe0f Wenn Sie bei einem Besuch in einer unserer Filialen etwas feststellen, das nicht mit unseren <strong>Anforderungskriterien<\/strong>Wenn Sie Fragen haben, wenden Sie sich bitte an unseren Kundenservice unter <strong><a href=\"mailto:serviceclient@pokawa-group.com\">serviceclient@pokawa-group.com<\/a><\/strong> !<\/p>\t\t\t\t\t\t\t\t<\/div>\n\t\t\t\t<\/div>\n\t\t\t\t\t<\/div>\n\t\t<\/div>\n\t\t\t\t\t<\/div>\n\t\t<\/section>\n\t\t\t\t<section class=\"elementor-section elementor-top-section elementor-element elementor-element-b0d8ab4 elementor-section-boxed elementor-section-height-default elementor-section-height-default\" data-id=\"b0d8ab4\" data-element_type=\"section\">\n\t\t\t\t\t\t<div class=\"elementor-container elementor-column-gap-default\">\n\t\t\t\t\t<div class=\"elementor-column elementor-col-100 elementor-top-column elementor-element elementor-element-3ecf916\" data-id=\"3ecf916\" data-element_type=\"column\">\n\t\t\t<div class=\"elementor-widget-wrap elementor-element-populated\">\n\t\t\t\t\t\t<div class=\"elementor-element elementor-element-3440ccf elementor-align-center elementor-widget elementor-widget-button\" data-id=\"3440ccf\" data-element_type=\"widget\" data-widget_type=\"button.default\">\n\t\t\t\t<div class=\"elementor-widget-container\">\n\t\t\t\t\t\t\t\t\t<div class=\"elementor-button-wrapper\">\n\t\t\t\t\t<a class=\"elementor-button elementor-button-link elementor-size-sm elementor-animation-shrink\" href=\"https:\/\/ordering.pokawa.com\/\">\n\t\t\t\t\t\t<span class=\"elementor-button-content-wrapper\">\n\t\t\t\t\t\t<span class=\"elementor-button-icon\">\n\t\t\t\t<svg aria-hidden=\"true\" class=\"e-font-icon-svg e-fas-arrow-right\" viewbox=\"0 0 448 512\" xmlns=\"http:\/\/www.w3.org\/2000\/svg\"><path d=\"M190.5 66.9l22.2-22.2c9.4-9.4 24.6-9.4 33.9 0L441 239c9.4 9.4 9.4 24.6 0 33.9L246.6 467.3c-9.4 9.4-24.6 9.4-33.9 0l-22.2-22.2c-9.5-9.5-9.3-25 .4-34.3L311.4 296H24c-13.3 0-24-10.7-24-24v-32c0-13.3 10.7-24 24-24h287.4L190.9 101.2c-9.8-9.3-10-24.8-.4-34.3z\"><\/path><\/svg>\t\t\t<\/span>\n\t\t\t\t\t\t\t\t\t<span class=\"elementor-button-text\">RICHTUNG HAWAII<\/span>\n\t\t\t\t\t<\/span>\n\t\t\t\t\t<\/a>\n\t\t\t\t<\/div>\n\t\t\t\t\t\t\t\t<\/div>\n\t\t\t\t<\/div>\n\t\t\t\t<div class=\"elementor-element elementor-element-30e34e5 elementor-widget elementor-widget-spacer\" data-id=\"30e34e5\" data-element_type=\"widget\" data-widget_type=\"spacer.default\">\n\t\t\t\t<div class=\"elementor-widget-container\">\n\t\t\t\t\t\t\t<div class=\"elementor-spacer\">\n\t\t\t<div class=\"elementor-spacer-inner\"><\/div>\n\t\t<\/div>\n\t\t\t\t\t\t<\/div>\n\t\t\t\t<\/div>\n\t\t\t\t\t<\/div>\n\t\t<\/div>\n\t\t\t\t\t<\/div>\n\t\t<\/section>\n\t\t\t\t<section class=\"elementor-section elementor-top-section elementor-element elementor-element-fe88f85 elementor-section-boxed elementor-section-height-default elementor-section-height-default\" data-id=\"fe88f85\" data-element_type=\"section\">\n\t\t\t\t\t\t<div class=\"elementor-container elementor-column-gap-default\">\n\t\t\t\t\t<div class=\"elementor-column elementor-col-100 elementor-top-column elementor-element elementor-element-a79fc8c\" data-id=\"a79fc8c\" data-element_type=\"column\">\n\t\t\t<div class=\"elementor-widget-wrap\">\n\t\t\t\t\t\t\t<\/div>\n\t\t<\/div>\n\t\t\t\t\t<\/div>\n\t\t<\/section>\n\t\t\t\t<\/div>","protected":false},"excerpt":{"rendered":"<p>Seit 2017 geben wir unser Bestes, damit jeder Bissen unserer Pok\u00e9s unsere Kunden unter die Kokospalmen entf\u00fchrt \ud83c\udf34 \u2600\ufe0fCette Einladung zur Reise zeichnet sich durch verschiedene Garantien aus, angefangen bei der Frische, dem Geschmack und der Qualit\u00e4t der Produkte, aus denen unsere Rezepte bestehen \u2728 \ud83d\udc49 Dank der engen und t\u00e4glichen Zusammenarbeit [...].<\/p>","protected":false},"author":3,"featured_media":8114,"parent":0,"menu_order":0,"comment_status":"closed","ping_status":"closed","template":"elementor_header_footer","meta":{"_acf_changed":false,"footnotes":""},"acf":[],"aioseo_notices":[],"_links":{"self":[{"href":"https:\/\/pokawa.be\/de\/wp-json\/wp\/v2\/pages\/8013"}],"collection":[{"href":"https:\/\/pokawa.be\/de\/wp-json\/wp\/v2\/pages"}],"about":[{"href":"https:\/\/pokawa.be\/de\/wp-json\/wp\/v2\/types\/page"}],"author":[{"embeddable":true,"href":"https:\/\/pokawa.be\/de\/wp-json\/wp\/v2\/users\/3"}],"replies":[{"embeddable":true,"href":"https:\/\/pokawa.be\/de\/wp-json\/wp\/v2\/comments?post=8013"}],"version-history":[{"count":15,"href":"https:\/\/pokawa.be\/de\/wp-json\/wp\/v2\/pages\/8013\/revisions"}],"predecessor-version":[{"id":9281,"href":"https:\/\/pokawa.be\/de\/wp-json\/wp\/v2\/pages\/8013\/revisions\/9281"}],"wp:featuredmedia":[{"embeddable":true,"href":"https:\/\/pokawa.be\/de\/wp-json\/wp\/v2\/media\/8114"}],"wp:attachment":[{"href":"https:\/\/pokawa.be\/de\/wp-json\/wp\/v2\/media?parent=8013"}],"curies":[{"name":"wp","href":"https:\/\/api.w.org\/{rel}","templated":true}]}}