{"id":4934,"date":"2022-09-20T17:18:55","date_gmt":"2022-09-20T15:18:55","guid":{"rendered":"https:\/\/pokawa.be\/?page_id=4934"},"modified":"2025-02-14T13:39:28","modified_gmt":"2025-02-14T12:39:28","slug":"conditions-des-offres","status":"publish","type":"page","link":"https:\/\/pokawa.be\/fr_be\/conditions-des-offres\/","title":{"rendered":"Conditions des offres"},"content":{"rendered":"\t\t<div data-elementor-type=\"wp-page\" data-elementor-id=\"4934\" class=\"elementor elementor-4934\" data-elementor-post-type=\"page\">\n\t\t\t\t\t\t<section class=\"elementor-section elementor-top-section elementor-element elementor-element-6a78719 elementor-section-boxed elementor-section-height-default elementor-section-height-default\" data-id=\"6a78719\" data-element_type=\"section\" data-settings=\"{&quot;background_background&quot;:&quot;classic&quot;}\">\n\t\t\t\t\t\t<div class=\"elementor-container elementor-column-gap-default\">\n\t\t\t\t\t<div class=\"elementor-column elementor-col-100 elementor-top-column elementor-element elementor-element-78a3377e\" data-id=\"78a3377e\" data-element_type=\"column\">\n\t\t\t<div class=\"elementor-widget-wrap elementor-element-populated\">\n\t\t\t\t\t\t<div class=\"elementor-element elementor-element-46c0ab63 elementor-widget elementor-widget-theme-post-title elementor-page-title elementor-widget-heading\" data-id=\"46c0ab63\" data-element_type=\"widget\" data-widget_type=\"theme-post-title.default\">\n\t\t\t\t<div class=\"elementor-widget-container\">\n\t\t\t\t\t<h1 class=\"elementor-heading-title elementor-size-default\">Conditions des offres<\/h1>\t\t\t\t<\/div>\n\t\t\t\t<\/div>\n\t\t\t\t<div class=\"elementor-element elementor-element-914380b elementor-widget-divider--view-line elementor-widget elementor-widget-global elementor-global-3920 elementor-widget-divider\" data-id=\"914380b\" data-element_type=\"widget\" data-widget_type=\"divider.default\">\n\t\t\t\t<div class=\"elementor-widget-container\">\n\t\t\t\t\t\t\t<div class=\"elementor-divider\">\n\t\t\t<span class=\"elementor-divider-separator\">\n\t\t\t\t\t\t<\/span>\n\t\t<\/div>\n\t\t\t\t\t\t<\/div>\n\t\t\t\t<\/div>\n\t\t\t\t\t<\/div>\n\t\t<\/div>\n\t\t\t\t\t<\/div>\n\t\t<\/section>\n\t\t\t\t<section class=\"elementor-section elementor-top-section elementor-element elementor-element-767d4ac0 elementor-section-boxed elementor-section-height-default elementor-section-height-default\" data-id=\"767d4ac0\" data-element_type=\"section\" data-settings=\"{&quot;background_background&quot;:&quot;classic&quot;}\">\n\t\t\t\t\t\t<div class=\"elementor-container elementor-column-gap-default\">\n\t\t\t\t\t<div class=\"elementor-column elementor-col-100 elementor-top-column elementor-element elementor-element-531814a1\" data-id=\"531814a1\" data-element_type=\"column\">\n\t\t\t<div class=\"elementor-widget-wrap elementor-element-populated\">\n\t\t\t\t\t\t<div class=\"elementor-element elementor-element-be4f30e elementor-widget-divider--view-line elementor-widget elementor-widget-divider\" data-id=\"be4f30e\" data-element_type=\"widget\" data-widget_type=\"divider.default\">\n\t\t\t\t<div class=\"elementor-widget-container\">\n\t\t\t\t\t\t\t<div class=\"elementor-divider\">\n\t\t\t<span class=\"elementor-divider-separator\">\n\t\t\t\t\t\t<\/span>\n\t\t<\/div>\n\t\t\t\t\t\t<\/div>\n\t\t\t\t<\/div>\n\t\t\t\t\t<\/div>\n\t\t<\/div>\n\t\t\t\t\t<\/div>\n\t\t<\/section>\n\t\t\t\t<section class=\"elementor-section elementor-top-section elementor-element elementor-element-33a21b2 elementor-section-boxed elementor-section-height-default elementor-section-height-default\" data-id=\"33a21b2\" data-element_type=\"section\">\n\t\t\t\t\t\t<div class=\"elementor-container elementor-column-gap-default\">\n\t\t\t\t\t<div class=\"elementor-column elementor-col-100 elementor-top-column elementor-element elementor-element-5b20458\" data-id=\"5b20458\" data-element_type=\"column\">\n\t\t\t<div class=\"elementor-widget-wrap elementor-element-populated\">\n\t\t\t\t\t\t<div class=\"elementor-element elementor-element-b9de2cc elementor-widget__width-initial elementor-widget elementor-widget-text-editor\" data-id=\"b9de2cc\" data-element_type=\"widget\" data-widget_type=\"text-editor.default\">\n\t\t\t\t<div class=\"elementor-widget-container\">\n\t\t\t\t\t\t\t\t\t<p><span style=\"text-decoration: underline;\"><strong>OFFRE LIL POK\u00c9S SIGANTURES \u00c0 6\u20ac<\/strong><\/span><\/p><p>Offre valable du 17 au 24 f\u00e9vrier, sur nos pok\u00e9s signatures sur toutes les tailles (-4,90\u20ac par taille) et toutes prot\u00e9ines (hors extras, hors formules et hors suppl\u00e9ment de taille). Maximum 3 pok\u00e9s remis\u00e9s par commande. En Click &amp; Collect sur l&rsquo;application et le site internet. Dans les restaurants participants <b>hors : Gares &amp; A\u00e9roports.<\/b><\/p>\t\t\t\t\t\t\t\t<\/div>\n\t\t\t\t<\/div>\n\t\t\t\t\t<\/div>\n\t\t<\/div>\n\t\t\t\t\t<\/div>\n\t\t<\/section>\n\t\t\t\t<\/div>\n\t\t","protected":false},"excerpt":{"rendered":"<p>OFFRE LIL POK\u00c9S SIGANTURES \u00c0 6\u20ac Offre valable du 17 au 24 f\u00e9vrier, sur nos pok\u00e9s signatures sur toutes les tailles (-4,90\u20ac par taille) et toutes prot\u00e9ines (hors extras, hors formules et hors suppl\u00e9ment de taille). Maximum 3 pok\u00e9s remis\u00e9s par commande. En Click &amp; Collect sur l&rsquo;application et le site internet. Dans les restaurants [&hellip;]<\/p>\n","protected":false},"author":1,"featured_media":4087,"parent":0,"menu_order":0,"comment_status":"closed","ping_status":"closed","template":"elementor_header_footer","meta":{"_acf_changed":false,"footnotes":""},"acf":[],"aioseo_notices":[],"_links":{"self":[{"href":"https:\/\/pokawa.be\/fr_be\/wp-json\/wp\/v2\/pages\/4934"}],"collection":[{"href":"https:\/\/pokawa.be\/fr_be\/wp-json\/wp\/v2\/pages"}],"about":[{"href":"https:\/\/pokawa.be\/fr_be\/wp-json\/wp\/v2\/types\/page"}],"author":[{"embeddable":true,"href":"https:\/\/pokawa.be\/fr_be\/wp-json\/wp\/v2\/users\/1"}],"replies":[{"embeddable":true,"href":"https:\/\/pokawa.be\/fr_be\/wp-json\/wp\/v2\/comments?post=4934"}],"version-history":[{"count":15,"href":"https:\/\/pokawa.be\/fr_be\/wp-json\/wp\/v2\/pages\/4934\/revisions"}],"predecessor-version":[{"id":9807,"href":"https:\/\/pokawa.be\/fr_be\/wp-json\/wp\/v2\/pages\/4934\/revisions\/9807"}],"wp:featuredmedia":[{"embeddable":true,"href":"https:\/\/pokawa.be\/fr_be\/wp-json\/wp\/v2\/media\/4087"}],"wp:attachment":[{"href":"https:\/\/pokawa.be\/fr_be\/wp-json\/wp\/v2\/media?parent=4934"}],"curies":[{"name":"wp","href":"https:\/\/api.w.org\/{rel}","templated":true}]}}