{"id":5773,"date":"2023-03-01T17:53:31","date_gmt":"2023-03-01T16:53:31","guid":{"rendered":"https:\/\/pokawa.be\/?page_id=5773"},"modified":"2025-01-10T11:23:04","modified_gmt":"2025-01-10T10:23:04","slug":"programme-de-fidelite","status":"publish","type":"page","link":"https:\/\/pokawa.be\/fr_be\/programme-de-fidelite\/","title":{"rendered":"Programme de fid\u00e9lit\u00e9"},"content":{"rendered":"\t\t<div data-elementor-type=\"wp-page\" data-elementor-id=\"5773\" class=\"elementor elementor-5773\" data-elementor-post-type=\"page\">\n\t\t\t\t\t\t<section class=\"elementor-section elementor-top-section elementor-element elementor-element-906bef1 elementor-section-boxed elementor-section-height-default elementor-section-height-default\" data-id=\"906bef1\" data-element_type=\"section\" data-settings=\"{&quot;background_background&quot;:&quot;classic&quot;}\">\n\t\t\t\t\t\t<div class=\"elementor-container elementor-column-gap-default\">\n\t\t\t\t\t<div class=\"elementor-column elementor-col-100 elementor-top-column elementor-element elementor-element-74701dbe\" data-id=\"74701dbe\" data-element_type=\"column\">\n\t\t\t<div class=\"elementor-widget-wrap elementor-element-populated\">\n\t\t\t\t\t\t<div class=\"elementor-element elementor-element-70636305 elementor-widget elementor-widget-theme-post-title elementor-page-title elementor-widget-heading\" data-id=\"70636305\" data-element_type=\"widget\" data-widget_type=\"theme-post-title.default\">\n\t\t\t\t<div class=\"elementor-widget-container\">\n\t\t\t\t\t<h1 class=\"elementor-heading-title elementor-size-default\">Programme de fid\u00e9lit\u00e9<\/h1>\t\t\t\t<\/div>\n\t\t\t\t<\/div>\n\t\t\t\t<div class=\"elementor-element elementor-element-8b33e07 elementor-widget-divider--view-line elementor-widget elementor-widget-global elementor-global-3920 elementor-widget-divider\" data-id=\"8b33e07\" data-element_type=\"widget\" data-widget_type=\"divider.default\">\n\t\t\t\t<div class=\"elementor-widget-container\">\n\t\t\t\t\t\t\t<div class=\"elementor-divider\">\n\t\t\t<span class=\"elementor-divider-separator\">\n\t\t\t\t\t\t<\/span>\n\t\t<\/div>\n\t\t\t\t\t\t<\/div>\n\t\t\t\t<\/div>\n\t\t\t\t\t<\/div>\n\t\t<\/div>\n\t\t\t\t\t<\/div>\n\t\t<\/section>\n\t\t\t\t<section class=\"elementor-section elementor-top-section elementor-element elementor-element-3396d12 elementor-section-full_width elementor-section-height-default elementor-section-height-default\" data-id=\"3396d12\" data-element_type=\"section\" data-settings=\"{&quot;background_background&quot;:&quot;classic&quot;}\">\n\t\t\t\t\t\t<div class=\"elementor-container elementor-column-gap-default\">\n\t\t\t\t\t<div class=\"elementor-column elementor-col-100 elementor-top-column elementor-element elementor-element-f7ba2cd\" data-id=\"f7ba2cd\" data-element_type=\"column\">\n\t\t\t<div class=\"elementor-widget-wrap elementor-element-populated\">\n\t\t\t\t\t\t<div class=\"elementor-element elementor-element-e89751c elementor-widget elementor-widget-spacer\" data-id=\"e89751c\" data-element_type=\"widget\" data-widget_type=\"spacer.default\">\n\t\t\t\t<div class=\"elementor-widget-container\">\n\t\t\t\t\t\t\t<div class=\"elementor-spacer\">\n\t\t\t<div class=\"elementor-spacer-inner\"><\/div>\n\t\t<\/div>\n\t\t\t\t\t\t<\/div>\n\t\t\t\t<\/div>\n\t\t\t\t\t<\/div>\n\t\t<\/div>\n\t\t\t\t\t<\/div>\n\t\t<\/section>\n\t\t\t\t<section class=\"elementor-section elementor-top-section elementor-element elementor-element-33f270fe elementor-section-boxed elementor-section-height-default elementor-section-height-default\" data-id=\"33f270fe\" data-element_type=\"section\" data-settings=\"{&quot;background_background&quot;:&quot;classic&quot;}\">\n\t\t\t\t\t\t<div class=\"elementor-container elementor-column-gap-default\">\n\t\t\t\t\t<div class=\"elementor-column elementor-col-100 elementor-top-column elementor-element elementor-element-70221fec\" data-id=\"70221fec\" data-element_type=\"column\">\n\t\t\t<div class=\"elementor-widget-wrap elementor-element-populated\">\n\t\t\t\t\t\t<section class=\"elementor-section elementor-inner-section elementor-element elementor-element-300daa9 elementor-section-boxed elementor-section-height-default elementor-section-height-default\" data-id=\"300daa9\" data-element_type=\"section\">\n\t\t\t\t\t\t<div class=\"elementor-container elementor-column-gap-wider\">\n\t\t\t\t\t<div class=\"elementor-column elementor-col-100 elementor-inner-column elementor-element elementor-element-467a625\" data-id=\"467a625\" data-element_type=\"column\">\n\t\t\t<div class=\"elementor-widget-wrap elementor-element-populated\">\n\t\t\t\t\t\t<div class=\"elementor-element elementor-element-bd4b739 elementor-widget elementor-widget-heading\" data-id=\"bd4b739\" data-element_type=\"widget\" data-widget_type=\"heading.default\">\n\t\t\t\t<div class=\"elementor-widget-container\">\n\t\t\t\t\t<h2 class=\"elementor-heading-title elementor-size-default\">COMMENT \u00c7A MARCHE ?<\/h2>\t\t\t\t<\/div>\n\t\t\t\t<\/div>\n\t\t\t\t\t<\/div>\n\t\t<\/div>\n\t\t\t\t\t<\/div>\n\t\t<\/section>\n\t\t\t\t\t<\/div>\n\t\t<\/div>\n\t\t\t\t\t<\/div>\n\t\t<\/section>\n\t\t\t\t<section class=\"elementor-section elementor-top-section elementor-element elementor-element-53789db1 elementor-section-boxed elementor-section-height-default elementor-section-height-default\" data-id=\"53789db1\" data-element_type=\"section\" data-settings=\"{&quot;background_background&quot;:&quot;classic&quot;}\">\n\t\t\t\t\t\t<div class=\"elementor-container elementor-column-gap-default\">\n\t\t\t\t\t<div class=\"elementor-column elementor-col-100 elementor-top-column elementor-element elementor-element-843f509\" data-id=\"843f509\" data-element_type=\"column\">\n\t\t\t<div class=\"elementor-widget-wrap elementor-element-populated\">\n\t\t\t\t\t\t<section class=\"elementor-section elementor-inner-section elementor-element elementor-element-e76c20e elementor-section-boxed elementor-section-height-default elementor-section-height-default\" data-id=\"e76c20e\" data-element_type=\"section\">\n\t\t\t\t\t\t<div class=\"elementor-container elementor-column-gap-wider\">\n\t\t\t\t\t<div class=\"elementor-column elementor-col-50 elementor-inner-column elementor-element elementor-element-52feb136\" data-id=\"52feb136\" data-element_type=\"column\">\n\t\t\t<div class=\"elementor-widget-wrap elementor-element-populated\">\n\t\t\t\t\t\t<div class=\"elementor-element elementor-element-7f01e6dc elementor-widget elementor-widget-image\" data-id=\"7f01e6dc\" data-element_type=\"widget\" data-widget_type=\"image.default\">\n\t\t\t\t<div class=\"elementor-widget-container\">\n\t\t\t\t\t\t\t\t\t\t\t\t\t\t\t<img fetchpriority=\"high\" decoding=\"async\" width=\"800\" height=\"800\" src=\"https:\/\/pokawa.be\/wp-content\/uploads\/2025\/01\/CARRE-1E1PT-EN-1024x1024.jpg\" class=\"attachment-large size-large wp-image-9649\" alt=\"\" srcset=\"https:\/\/pokawa.be\/wp-content\/uploads\/2025\/01\/CARRE-1E1PT-EN-1024x1024.jpg 1024w, https:\/\/pokawa.be\/wp-content\/uploads\/2025\/01\/CARRE-1E1PT-EN-300x300.jpg 300w, https:\/\/pokawa.be\/wp-content\/uploads\/2025\/01\/CARRE-1E1PT-EN-150x150.jpg 150w, https:\/\/pokawa.be\/wp-content\/uploads\/2025\/01\/CARRE-1E1PT-EN-768x768.jpg 768w, https:\/\/pokawa.be\/wp-content\/uploads\/2025\/01\/CARRE-1E1PT-EN-12x12.jpg 12w, https:\/\/pokawa.be\/wp-content\/uploads\/2025\/01\/CARRE-1E1PT-EN.jpg 1250w\" sizes=\"(max-width: 800px) 100vw, 800px\" \/>\t\t\t\t\t\t\t\t\t\t\t\t\t\t\t<\/div>\n\t\t\t\t<\/div>\n\t\t\t\t<div class=\"elementor-element elementor-element-ef38ea3 elementor-widget elementor-widget-image\" data-id=\"ef38ea3\" data-element_type=\"widget\" data-no-translation=\"\" data-widget_type=\"image.default\">\n\t\t\t\t<div class=\"elementor-widget-container\">\n\t\t\t\t\t<style>.elementor-element-ef38ea3{display:none !important}<\/style>\t\t\t\t<\/div>\n\t\t\t\t<\/div>\n\t\t\t\t\t<\/div>\n\t\t<\/div>\n\t\t\t\t<div class=\"elementor-column elementor-col-50 elementor-inner-column elementor-element elementor-element-56a7d32d\" data-id=\"56a7d32d\" data-element_type=\"column\">\n\t\t\t<div class=\"elementor-widget-wrap elementor-element-populated\">\n\t\t\t\t\t\t<div class=\"elementor-element elementor-element-efabb1d elementor-widget elementor-widget-heading\" data-id=\"efabb1d\" data-element_type=\"widget\" data-widget_type=\"heading.default\">\n\t\t\t\t<div class=\"elementor-widget-container\">\n\t\t\t\t\t<h2 class=\"elementor-heading-title elementor-size-default\">1\u20ac d\u00e9pens\u00e9 = 1pt de fid\u00e9lit\u00e9<\/h2>\t\t\t\t<\/div>\n\t\t\t\t<\/div>\n\t\t\t\t<div class=\"elementor-element elementor-element-76980ae0 elementor-widget elementor-widget-text-editor\" data-id=\"76980ae0\" data-element_type=\"widget\" data-widget_type=\"text-editor.default\">\n\t\t\t\t<div class=\"elementor-widget-container\">\n\t\t\t\t\t\t\t\t\t<p>cumule des points DE FID\u00c9LIT<span style=\"color: var( --e-global-color-cdb0eae ); font-family: var( --e-global-typography-f472e11-font-family ), Sans-serif; font-size: var( --e-global-typography-f472e11-font-size ); font-style: var( --e-global-typography-f472e11-font-style ); font-weight: var( --e-global-typography-f472e11-font-weight ); letter-spacing: var( --e-global-typography-f472e11-letter-spacing ); text-transform: var( --e-global-typography-f472e11-text-transform ); word-spacing: var( --e-global-typography-f472e11-word-spacing ); background-color: var( --e-global-color-secondary );\">\u00c9 A chaque commande<\/span><\/p>\t\t\t\t\t\t\t\t<\/div>\n\t\t\t\t<\/div>\n\t\t\t\t<div class=\"elementor-element elementor-element-c3b00d8 elementor-widget elementor-widget-text-editor\" data-id=\"c3b00d8\" data-element_type=\"widget\" data-widget_type=\"text-editor.default\">\n\t\t\t\t<div class=\"elementor-widget-container\">\n\t\t\t\t\t\t\t\t\t<p>La r\u00e8gle est simple plus tu d\u00e9penses plus tu gagnes des points de fid\u00e9lit\u00e9 qui te permettront de d\u00e9bloquer tes pok\u00e9s pr\u00e9f\u00e9r\u00e9s et bien d&rsquo;autres avantages !<\/p>\t\t\t\t\t\t\t\t<\/div>\n\t\t\t\t<\/div>\n\t\t\t\t\t<\/div>\n\t\t<\/div>\n\t\t\t\t\t<\/div>\n\t\t<\/section>\n\t\t\t\t\t<\/div>\n\t\t<\/div>\n\t\t\t\t\t<\/div>\n\t\t<\/section>\n\t\t\t\t<section class=\"elementor-section elementor-top-section elementor-element elementor-element-b7dc430 elementor-section-boxed elementor-section-height-default elementor-section-height-default\" data-id=\"b7dc430\" data-element_type=\"section\" data-settings=\"{&quot;background_background&quot;:&quot;classic&quot;}\">\n\t\t\t\t\t\t<div class=\"elementor-container elementor-column-gap-default\">\n\t\t\t\t\t<div class=\"elementor-column elementor-col-100 elementor-top-column elementor-element elementor-element-b82262a\" data-id=\"b82262a\" data-element_type=\"column\">\n\t\t\t<div class=\"elementor-widget-wrap elementor-element-populated\">\n\t\t\t\t\t\t<section class=\"elementor-section elementor-inner-section elementor-element elementor-element-e66a85d elementor-reverse-mobile elementor-section-boxed elementor-section-height-default elementor-section-height-default\" data-id=\"e66a85d\" data-element_type=\"section\">\n\t\t\t\t\t\t<div class=\"elementor-container elementor-column-gap-wider\">\n\t\t\t\t\t<div class=\"elementor-column elementor-col-50 elementor-inner-column elementor-element elementor-element-7213125\" data-id=\"7213125\" data-element_type=\"column\">\n\t\t\t<div class=\"elementor-widget-wrap elementor-element-populated\">\n\t\t\t\t\t\t<div class=\"elementor-element elementor-element-429f0f8 elementor-widget elementor-widget-heading\" data-id=\"429f0f8\" data-element_type=\"widget\" data-widget_type=\"heading.default\">\n\t\t\t\t<div class=\"elementor-widget-container\">\n\t\t\t\t\t<h2 class=\"elementor-heading-title elementor-size-default\">Gagne tes produits pr\u00e9f\u00e9r\u00e9s<\/h2>\t\t\t\t<\/div>\n\t\t\t\t<\/div>\n\t\t\t\t<div class=\"elementor-element elementor-element-e3d1659 elementor-widget elementor-widget-text-editor\" data-id=\"e3d1659\" data-element_type=\"widget\" data-widget_type=\"text-editor.default\">\n\t\t\t\t<div class=\"elementor-widget-container\">\n\t\t\t\t\t\t\t\t\t<p>D\u00c8S 25 POINTS de fid\u00c9lit\u00c9, un produit offert<\/p>\t\t\t\t\t\t\t\t<\/div>\n\t\t\t\t<\/div>\n\t\t\t\t<div class=\"elementor-element elementor-element-c44bfaf elementor-widget elementor-widget-text-editor\" data-id=\"c44bfaf\" data-element_type=\"widget\" data-widget_type=\"text-editor.default\">\n\t\t\t\t<div class=\"elementor-widget-container\">\n\t\t\t\t\t\t\t\t\t<p>Maintenant que tu as pu cumuler assez de points de fid\u00e9lit\u00e9, c&rsquo;est l&rsquo;heure de se r\u00e9galer en choisissant les produits de ton choix !<\/p>\t\t\t\t\t\t\t\t<\/div>\n\t\t\t\t<\/div>\n\t\t\t\t\t<\/div>\n\t\t<\/div>\n\t\t\t\t<div class=\"elementor-column elementor-col-50 elementor-inner-column elementor-element elementor-element-e836511\" data-id=\"e836511\" data-element_type=\"column\">\n\t\t\t<div class=\"elementor-widget-wrap elementor-element-populated\">\n\t\t\t\t\t\t<div class=\"elementor-element elementor-element-ed624dd elementor-widget elementor-widget-image\" data-id=\"ed624dd\" data-element_type=\"widget\" data-widget_type=\"image.default\">\n\t\t\t\t<div class=\"elementor-widget-container\">\n\t\t\t\t\t\t\t\t\t\t\t\t\t\t\t<img decoding=\"async\" width=\"800\" height=\"800\" src=\"https:\/\/pokawa.be\/wp-content\/uploads\/2025\/01\/300x300px-PALIERS2-1024x1024.jpg\" class=\"attachment-large size-large wp-image-9653\" alt=\"\" srcset=\"https:\/\/pokawa.be\/wp-content\/uploads\/2025\/01\/300x300px-PALIERS2-1024x1024.jpg 1024w, https:\/\/pokawa.be\/wp-content\/uploads\/2025\/01\/300x300px-PALIERS2-300x300.jpg 300w, https:\/\/pokawa.be\/wp-content\/uploads\/2025\/01\/300x300px-PALIERS2-150x150.jpg 150w, https:\/\/pokawa.be\/wp-content\/uploads\/2025\/01\/300x300px-PALIERS2-768x768.jpg 768w, https:\/\/pokawa.be\/wp-content\/uploads\/2025\/01\/300x300px-PALIERS2-12x12.jpg 12w, https:\/\/pokawa.be\/wp-content\/uploads\/2025\/01\/300x300px-PALIERS2.jpg 1250w\" sizes=\"(max-width: 800px) 100vw, 800px\" \/>\t\t\t\t\t\t\t\t\t\t\t\t\t\t\t<\/div>\n\t\t\t\t<\/div>\n\t\t\t\t<div class=\"elementor-element elementor-element-b55abe1 elementor-widget elementor-widget-image\" data-id=\"b55abe1\" data-element_type=\"widget\" data-no-translation=\"\" data-widget_type=\"image.default\">\n\t\t\t\t<div class=\"elementor-widget-container\">\n\t\t\t\t\t<style>.elementor-element-b55abe1{display:none !important}<\/style>\t\t\t\t<\/div>\n\t\t\t\t<\/div>\n\t\t\t\t\t<\/div>\n\t\t<\/div>\n\t\t\t\t\t<\/div>\n\t\t<\/section>\n\t\t\t\t\t<\/div>\n\t\t<\/div>\n\t\t\t\t\t<\/div>\n\t\t<\/section>\n\t\t\t\t<section class=\"elementor-section elementor-top-section elementor-element elementor-element-7d4f2a7 elementor-section-boxed elementor-section-height-default elementor-section-height-default\" data-id=\"7d4f2a7\" data-element_type=\"section\" data-settings=\"{&quot;background_background&quot;:&quot;classic&quot;}\">\n\t\t\t\t\t\t<div class=\"elementor-container elementor-column-gap-default\">\n\t\t\t\t\t<div class=\"elementor-column elementor-col-100 elementor-top-column elementor-element elementor-element-0676e39\" data-id=\"0676e39\" data-element_type=\"column\">\n\t\t\t<div class=\"elementor-widget-wrap elementor-element-populated\">\n\t\t\t\t\t\t<section class=\"elementor-section elementor-inner-section elementor-element elementor-element-5d8cf84 elementor-section-boxed elementor-section-height-default elementor-section-height-default\" data-id=\"5d8cf84\" data-element_type=\"section\">\n\t\t\t\t\t\t<div class=\"elementor-container elementor-column-gap-wider\">\n\t\t\t\t\t<div class=\"elementor-column elementor-col-50 elementor-inner-column elementor-element elementor-element-c4086f3\" data-id=\"c4086f3\" data-element_type=\"column\">\n\t\t\t<div class=\"elementor-widget-wrap elementor-element-populated\">\n\t\t\t\t\t\t<div class=\"elementor-element elementor-element-0bd2632 elementor-widget elementor-widget-image\" data-id=\"0bd2632\" data-element_type=\"widget\" data-widget_type=\"image.default\">\n\t\t\t\t<div class=\"elementor-widget-container\">\n\t\t\t\t\t\t\t\t\t\t\t\t\t\t\t<img decoding=\"async\" width=\"700\" height=\"613\" src=\"https:\/\/pokawa.be\/wp-content\/uploads\/2025\/01\/mock-up-3-tel-210-x-210-mm-1.png\" class=\"attachment-full size-full wp-image-9644\" alt=\"\" srcset=\"https:\/\/pokawa.be\/wp-content\/uploads\/2025\/01\/mock-up-3-tel-210-x-210-mm-1.png 700w, https:\/\/pokawa.be\/wp-content\/uploads\/2025\/01\/mock-up-3-tel-210-x-210-mm-1-300x263.png 300w, https:\/\/pokawa.be\/wp-content\/uploads\/2025\/01\/mock-up-3-tel-210-x-210-mm-1-14x12.png 14w\" sizes=\"(max-width: 700px) 100vw, 700px\" \/>\t\t\t\t\t\t\t\t\t\t\t\t\t\t\t<\/div>\n\t\t\t\t<\/div>\n\t\t\t\t\t<\/div>\n\t\t<\/div>\n\t\t\t\t<div class=\"elementor-column elementor-col-50 elementor-inner-column elementor-element elementor-element-44a5bb1\" data-id=\"44a5bb1\" data-element_type=\"column\">\n\t\t\t<div class=\"elementor-widget-wrap elementor-element-populated\">\n\t\t\t\t\t\t<div class=\"elementor-element elementor-element-0149c69 elementor-widget elementor-widget-heading\" data-id=\"0149c69\" data-element_type=\"widget\" data-widget_type=\"heading.default\">\n\t\t\t\t<div class=\"elementor-widget-container\">\n\t\t\t\t\t<h2 class=\"elementor-heading-title elementor-size-default\">T\u00e9l\u00e9charge la Pokaw'App<\/h2>\t\t\t\t<\/div>\n\t\t\t\t<\/div>\n\t\t\t\t<div class=\"elementor-element elementor-element-fed0917 elementor-widget elementor-widget-text-editor\" data-id=\"fed0917\" data-element_type=\"widget\" data-widget_type=\"text-editor.default\">\n\t\t\t\t<div class=\"elementor-widget-container\">\n\t\t\t\t\t\t\t\t\t<p>INSCRIS-TOI POUR PROFITER&#8230;<\/p>\t\t\t\t\t\t\t\t<\/div>\n\t\t\t\t<\/div>\n\t\t\t\t<div class=\"elementor-element elementor-element-47eb4b7 elementor-widget elementor-widget-text-editor\" data-id=\"47eb4b7\" data-element_type=\"widget\" data-widget_type=\"text-editor.default\">\n\t\t\t\t<div class=\"elementor-widget-container\">\n\t\t\t\t\t\t\t\t\t<ol><li>D&rsquo;une offre exclusive \u00e0 d\u00e9couvrir sur l&rsquo;app<\/li><li>Du nouveau programme de fid\u00e9lit\u00e9 pokawa<\/li><\/ol>\t\t\t\t\t\t\t\t<\/div>\n\t\t\t\t<\/div>\n\t\t\t\t<div class=\"elementor-element elementor-element-97831ed elementor-align-left elementor-widget elementor-widget-button\" data-id=\"97831ed\" data-element_type=\"widget\" data-widget_type=\"button.default\">\n\t\t\t\t<div class=\"elementor-widget-container\">\n\t\t\t\t\t\t\t\t\t<div class=\"elementor-button-wrapper\">\n\t\t\t\t\t<a class=\"elementor-button elementor-button-link elementor-size-md elementor-animation-shrink\" href=\"\/telecharger-application\">\n\t\t\t\t\t\t<span class=\"elementor-button-content-wrapper\">\n\t\t\t\t\t\t\t\t\t<span class=\"elementor-button-text\">JE T\u00c9L\u00c9CHARGE l'app<\/span>\n\t\t\t\t\t<\/span>\n\t\t\t\t\t<\/a>\n\t\t\t\t<\/div>\n\t\t\t\t\t\t\t\t<\/div>\n\t\t\t\t<\/div>\n\t\t\t\t\t<\/div>\n\t\t<\/div>\n\t\t\t\t\t<\/div>\n\t\t<\/section>\n\t\t\t\t<div class=\"elementor-element elementor-element-e87e1ef elementor-widget elementor-widget-text-editor\" data-id=\"e87e1ef\" data-element_type=\"widget\" data-widget_type=\"text-editor.default\">\n\t\t\t\t<div class=\"elementor-widget-container\">\n\t\t\t\t\t\t\t\t\t<p><em>*1 euro d\u00e9pens\u00e9 = 1 point de fid\u00e9lit\u00e9. Le programme de fid\u00e9lit\u00e9 Pokawa est disponible dans les restaurants participants<br><\/em><em style=\"color: var( --e-global-color-text ); font-size: var( --e-global-typography-text-font-size ); background-color: var( --e-global-color-secondary ); font-family: var( --e-global-typography-d4ca745-font-family ), Sans-serif; font-weight: var( --e-global-typography-d4ca745-font-weight ); letter-spacing: var( --e-global-typography-d4ca745-letter-spacing ); word-spacing: var( --e-global-typography-d4ca745-word-spacing );\">(<\/em><a href=\"https:\/\/pokawa.be\/fr_fr\/conditions-du-programme-de-fidelite\/\" target=\"_blank\" style=\"font-size: var( --e-global-typography-text-font-size ); font-family: var( --e-global-typography-d4ca745-font-family ), Sans-serif; font-weight: var( --e-global-typography-d4ca745-font-weight ); letter-spacing: var( --e-global-typography-d4ca745-letter-spacing ); word-spacing: var( --e-global-typography-d4ca745-word-spacing );\">d\u00e9couvre la liste des restaurants participants<\/a><em style=\"color: var( --e-global-color-text ); font-size: var( --e-global-typography-text-font-size ); background-color: var( --e-global-color-secondary ); font-family: var( --e-global-typography-d4ca745-font-family ), Sans-serif; font-weight: var( --e-global-typography-d4ca745-font-weight ); letter-spacing: var( --e-global-typography-d4ca745-letter-spacing ); word-spacing: var( --e-global-typography-d4ca745-word-spacing );\">).<\/em><\/p>\t\t\t\t\t\t\t\t<\/div>\n\t\t\t\t<\/div>\n\t\t\t\t\t<\/div>\n\t\t<\/div>\n\t\t\t\t\t<\/div>\n\t\t<\/section>\n\t\t\t\t<\/div>\n\t\t","protected":false},"excerpt":{"rendered":"<p>COMMENT \u00c7A MARCHE ? 1\u20ac d\u00e9pens\u00e9 = 1pt de fid\u00e9lit\u00e9 cumule des points DE FID\u00c9LIT\u00c9 A chaque commande La r\u00e8gle est simple plus tu d\u00e9penses plus tu gagnes des points de fid\u00e9lit\u00e9 qui te permettront de d\u00e9bloquer tes pok\u00e9s pr\u00e9f\u00e9r\u00e9s et bien d&rsquo;autres avantages ! Gagne tes produits pr\u00e9f\u00e9r\u00e9s D\u00c8S 25 POINTS de fid\u00c9lit\u00c9, un [&hellip;]<\/p>\n","protected":false},"author":4,"featured_media":8405,"parent":0,"menu_order":0,"comment_status":"closed","ping_status":"closed","template":"elementor_header_footer","meta":{"_acf_changed":false,"footnotes":""},"acf":[],"aioseo_notices":[],"_links":{"self":[{"href":"https:\/\/pokawa.be\/fr_be\/wp-json\/wp\/v2\/pages\/5773"}],"collection":[{"href":"https:\/\/pokawa.be\/fr_be\/wp-json\/wp\/v2\/pages"}],"about":[{"href":"https:\/\/pokawa.be\/fr_be\/wp-json\/wp\/v2\/types\/page"}],"author":[{"embeddable":true,"href":"https:\/\/pokawa.be\/fr_be\/wp-json\/wp\/v2\/users\/4"}],"replies":[{"embeddable":true,"href":"https:\/\/pokawa.be\/fr_be\/wp-json\/wp\/v2\/comments?post=5773"}],"version-history":[{"count":19,"href":"https:\/\/pokawa.be\/fr_be\/wp-json\/wp\/v2\/pages\/5773\/revisions"}],"predecessor-version":[{"id":9664,"href":"https:\/\/pokawa.be\/fr_be\/wp-json\/wp\/v2\/pages\/5773\/revisions\/9664"}],"wp:featuredmedia":[{"embeddable":true,"href":"https:\/\/pokawa.be\/fr_be\/wp-json\/wp\/v2\/media\/8405"}],"wp:attachment":[{"href":"https:\/\/pokawa.be\/fr_be\/wp-json\/wp\/v2\/media?parent=5773"}],"curies":[{"name":"wp","href":"https:\/\/api.w.org\/{rel}","templated":true}]}}