{"id":7790,"date":"2023-07-31T10:37:38","date_gmt":"2023-07-31T08:37:38","guid":{"rendered":"https:\/\/pokawa.be\/?page_id=7790"},"modified":"2024-02-15T13:19:53","modified_gmt":"2024-02-15T12:19:53","slug":"notre-concept","status":"publish","type":"page","link":"https:\/\/pokawa.be\/fr_be\/notre-concept\/","title":{"rendered":"Notre concept"},"content":{"rendered":"\t\t<div data-elementor-type=\"wp-page\" data-elementor-id=\"7790\" class=\"elementor elementor-7790\" data-elementor-post-type=\"page\">\n\t\t\t\t\t\t<section class=\"elementor-section elementor-top-section elementor-element elementor-element-906bef1 elementor-section-boxed elementor-section-height-default elementor-section-height-default\" data-id=\"906bef1\" data-element_type=\"section\" data-settings=\"{&quot;background_background&quot;:&quot;classic&quot;}\">\n\t\t\t\t\t\t<div class=\"elementor-container elementor-column-gap-default\">\n\t\t\t\t\t<div class=\"elementor-column elementor-col-100 elementor-top-column elementor-element elementor-element-74701dbe\" data-id=\"74701dbe\" data-element_type=\"column\">\n\t\t\t<div class=\"elementor-widget-wrap elementor-element-populated\">\n\t\t\t\t\t\t<div class=\"elementor-element elementor-element-70636305 elementor-widget elementor-widget-theme-post-title elementor-page-title elementor-widget-heading\" data-id=\"70636305\" data-element_type=\"widget\" data-widget_type=\"theme-post-title.default\">\n\t\t\t\t<div class=\"elementor-widget-container\">\n\t\t\t\t\t<h1 class=\"elementor-heading-title elementor-size-default\">Notre concept<\/h1>\t\t\t\t<\/div>\n\t\t\t\t<\/div>\n\t\t\t\t<div class=\"elementor-element elementor-element-8b33e07 elementor-widget-divider--view-line elementor-widget elementor-widget-global elementor-global-3920 elementor-widget-divider\" data-id=\"8b33e07\" data-element_type=\"widget\" data-widget_type=\"divider.default\">\n\t\t\t\t<div class=\"elementor-widget-container\">\n\t\t\t\t\t\t\t<div class=\"elementor-divider\">\n\t\t\t<span class=\"elementor-divider-separator\">\n\t\t\t\t\t\t<\/span>\n\t\t<\/div>\n\t\t\t\t\t\t<\/div>\n\t\t\t\t<\/div>\n\t\t\t\t\t<\/div>\n\t\t<\/div>\n\t\t\t\t\t<\/div>\n\t\t<\/section>\n\t\t\t\t<section class=\"elementor-section elementor-top-section elementor-element elementor-element-6a186a5b elementor-section-boxed elementor-section-height-default elementor-section-height-default\" data-id=\"6a186a5b\" data-element_type=\"section\" data-settings=\"{&quot;background_background&quot;:&quot;classic&quot;}\">\n\t\t\t\t\t\t<div class=\"elementor-container elementor-column-gap-default\">\n\t\t\t\t\t<div class=\"elementor-column elementor-col-100 elementor-top-column elementor-element elementor-element-2c96d09b\" data-id=\"2c96d09b\" data-element_type=\"column\">\n\t\t\t<div class=\"elementor-widget-wrap elementor-element-populated\">\n\t\t\t\t\t\t<div class=\"elementor-element elementor-element-1acc579b elementor-widget-divider--view-line elementor-widget elementor-widget-divider\" data-id=\"1acc579b\" data-element_type=\"widget\" data-widget_type=\"divider.default\">\n\t\t\t\t<div class=\"elementor-widget-container\">\n\t\t\t\t\t\t\t<div class=\"elementor-divider\">\n\t\t\t<span class=\"elementor-divider-separator\">\n\t\t\t\t\t\t<\/span>\n\t\t<\/div>\n\t\t\t\t\t\t<\/div>\n\t\t\t\t<\/div>\n\t\t\t\t\t<\/div>\n\t\t<\/div>\n\t\t\t\t\t<\/div>\n\t\t<\/section>\n\t\t\t\t<section class=\"elementor-section elementor-top-section elementor-element elementor-element-33f270fe elementor-section-boxed elementor-section-height-default elementor-section-height-default\" data-id=\"33f270fe\" data-element_type=\"section\" data-settings=\"{&quot;background_background&quot;:&quot;classic&quot;}\">\n\t\t\t\t\t\t<div class=\"elementor-container elementor-column-gap-default\">\n\t\t\t\t\t<div class=\"elementor-column elementor-col-100 elementor-top-column elementor-element elementor-element-70221fec\" data-id=\"70221fec\" data-element_type=\"column\">\n\t\t\t<div class=\"elementor-widget-wrap elementor-element-populated\">\n\t\t\t\t\t\t<div class=\"elementor-element elementor-element-9893199 elementor-widget elementor-widget-spacer\" data-id=\"9893199\" data-element_type=\"widget\" data-widget_type=\"spacer.default\">\n\t\t\t\t<div class=\"elementor-widget-container\">\n\t\t\t\t\t\t\t<div class=\"elementor-spacer\">\n\t\t\t<div class=\"elementor-spacer-inner\"><\/div>\n\t\t<\/div>\n\t\t\t\t\t\t<\/div>\n\t\t\t\t<\/div>\n\t\t\t\t<div class=\"elementor-element elementor-element-d8a9265 elementor-widget elementor-widget-heading\" data-id=\"d8a9265\" data-element_type=\"widget\" data-widget_type=\"heading.default\">\n\t\t\t\t<div class=\"elementor-widget-container\">\n\t\t\t\t\t<h6 class=\"elementor-heading-title elementor-size-small\">Un voyage gustativement frais avec POKAWA<\/h6>\t\t\t\t<\/div>\n\t\t\t\t<\/div>\n\t\t\t\t<section class=\"elementor-section elementor-inner-section elementor-element elementor-element-1ce269dd elementor-reverse-mobile elementor-section-boxed elementor-section-height-default elementor-section-height-default\" data-id=\"1ce269dd\" data-element_type=\"section\">\n\t\t\t\t\t\t<div class=\"elementor-container elementor-column-gap-wider\">\n\t\t\t\t\t<div class=\"elementor-column elementor-col-50 elementor-inner-column elementor-element elementor-element-c936b70\" data-id=\"c936b70\" data-element_type=\"column\">\n\t\t\t<div class=\"elementor-widget-wrap elementor-element-populated\">\n\t\t\t\t\t\t<div class=\"elementor-element elementor-element-1597c916 elementor-widget elementor-widget-text-editor\" data-id=\"1597c916\" data-element_type=\"widget\" data-widget_type=\"text-editor.default\">\n\t\t\t\t<div class=\"elementor-widget-container\">\n\t\t\t\t\t\t\t\t\t<p>Notre concept puise ses origines l\u00e0 o\u00f9 les rayons du soleil \u2600\ufe0f, l\u2019\u00e9cume des vagues \ud83c\udf0a et les effluves de Mono\u00ef unissent les c\u0153urs \u2764\ufe0f<\/p>\t\t\t\t\t\t\t\t<\/div>\n\t\t\t\t<\/div>\n\t\t\t\t<div class=\"elementor-element elementor-element-88fee30 elementor-widget elementor-widget-text-editor\" data-id=\"88fee30\" data-element_type=\"widget\" data-widget_type=\"text-editor.default\">\n\t\t\t\t<div class=\"elementor-widget-container\">\n\t\t\t\t\t\t\t\t\t<p>Adeptes des voyages en backpack \ud83c\udf92, c\u2019est en 2016 que <strong>Maxime Buhler<\/strong> et <strong>Samuel Carr\u00e9<\/strong> d\u00e9couvrent le Pok\u00e9, plat typique hawa\u00efen \ud83c\udf3a<\/p><p>Et devinez quoi ? It\u2019s a match \ud83d\ude1d<\/p><p>\u00c0 mi-chemin entre le Chirashi et le Ceviche \ud83e\udd57, le<strong> Pok\u00e9 Bowl<\/strong> se compose initialement de poisson cru marin\u00e9 \ud83d\udc1f, de fruits et de l\u00e9gumes frais \ud83d\ude0b, le tout d\u00e9pos\u00e9 sur une base de riz vinaigr\u00e9.<\/p>\t\t\t\t\t\t\t\t<\/div>\n\t\t\t\t<\/div>\n\t\t\t\t\t<\/div>\n\t\t<\/div>\n\t\t\t\t<div class=\"elementor-column elementor-col-50 elementor-inner-column elementor-element elementor-element-4e423ebb\" data-id=\"4e423ebb\" data-element_type=\"column\">\n\t\t\t<div class=\"elementor-widget-wrap elementor-element-populated\">\n\t\t\t\t\t\t<div class=\"elementor-element elementor-element-640732e elementor-widget elementor-widget-image\" data-id=\"640732e\" data-element_type=\"widget\" data-widget_type=\"image.default\">\n\t\t\t\t<div class=\"elementor-widget-container\">\n\t\t\t\t\t\t\t\t\t\t\t\t\t\t\t<img fetchpriority=\"high\" decoding=\"async\" width=\"800\" height=\"620\" src=\"https:\/\/pokawa.be\/wp-content\/uploads\/2023\/07\/Images-page-concept-1024x794.webp\" class=\"attachment-large size-large wp-image-7817\" alt=\"\" srcset=\"https:\/\/pokawa.be\/wp-content\/uploads\/2023\/07\/Images-page-concept-1024x794.webp 1024w, https:\/\/pokawa.be\/wp-content\/uploads\/2023\/07\/Images-page-concept-300x233.webp 300w, https:\/\/pokawa.be\/wp-content\/uploads\/2023\/07\/Images-page-concept-768x596.webp 768w, https:\/\/pokawa.be\/wp-content\/uploads\/2023\/07\/Images-page-concept-1536x1191.webp 1536w, https:\/\/pokawa.be\/wp-content\/uploads\/2023\/07\/Images-page-concept-15x12.webp 15w, https:\/\/pokawa.be\/wp-content\/uploads\/2023\/07\/Images-page-concept.webp 1591w\" sizes=\"(max-width: 800px) 100vw, 800px\" \/>\t\t\t\t\t\t\t\t\t\t\t\t\t\t\t<\/div>\n\t\t\t\t<\/div>\n\t\t\t\t\t<\/div>\n\t\t<\/div>\n\t\t\t\t\t<\/div>\n\t\t<\/section>\n\t\t\t\t<div class=\"elementor-element elementor-element-05c90bc elementor-widget-divider--view-line elementor-widget elementor-widget-divider\" data-id=\"05c90bc\" data-element_type=\"widget\" data-widget_type=\"divider.default\">\n\t\t\t\t<div class=\"elementor-widget-container\">\n\t\t\t\t\t\t\t<div class=\"elementor-divider\">\n\t\t\t<span class=\"elementor-divider-separator\">\n\t\t\t\t\t\t<\/span>\n\t\t<\/div>\n\t\t\t\t\t\t<\/div>\n\t\t\t\t<\/div>\n\t\t\t\t<section class=\"elementor-section elementor-inner-section elementor-element elementor-element-e7eef15 elementor-section-boxed elementor-section-height-default elementor-section-height-default\" data-id=\"e7eef15\" data-element_type=\"section\">\n\t\t\t\t\t\t<div class=\"elementor-container elementor-column-gap-wider\">\n\t\t\t\t\t<div class=\"elementor-column elementor-col-50 elementor-inner-column elementor-element elementor-element-21ae4a8\" data-id=\"21ae4a8\" data-element_type=\"column\">\n\t\t\t<div class=\"elementor-widget-wrap elementor-element-populated\">\n\t\t\t\t\t\t<div class=\"elementor-element elementor-element-1569451 elementor-widget elementor-widget-image\" data-id=\"1569451\" data-element_type=\"widget\" data-widget_type=\"image.default\">\n\t\t\t\t<div class=\"elementor-widget-container\">\n\t\t\t\t\t\t\t\t\t\t\t\t\t\t\t<img decoding=\"async\" src=\"https:\/\/pokawa.be\/wp-content\/uploads\/2023\/07\/Images-page-concept-2.webp\" title=\"Images page concept 2\" alt=\"Images page concept 2\" loading=\"lazy\" \/>\t\t\t\t\t\t\t\t\t\t\t\t\t\t\t<\/div>\n\t\t\t\t<\/div>\n\t\t\t\t\t<\/div>\n\t\t<\/div>\n\t\t\t\t<div class=\"elementor-column elementor-col-50 elementor-inner-column elementor-element elementor-element-de65b8f\" data-id=\"de65b8f\" data-element_type=\"column\">\n\t\t\t<div class=\"elementor-widget-wrap elementor-element-populated\">\n\t\t\t\t\t\t<div class=\"elementor-element elementor-element-e726204 elementor-widget elementor-widget-text-editor\" data-id=\"e726204\" data-element_type=\"widget\" data-widget_type=\"text-editor.default\">\n\t\t\t\t<div class=\"elementor-widget-container\">\n\t\t\t\t\t\t\t\t\t<p>Un an et quelques milliers de km parcourus plus tard \ud83d\udc63, nos deux globe-trotters cr\u00e9ent POKAWA\ud83c\udf4d, 1\u00e8re cha\u00eene sp\u00e9cialiste de Pok\u00e9 en France \ud83c\uddeb\ud83c\uddf7<\/p>\t\t\t\t\t\t\t\t<\/div>\n\t\t\t\t<\/div>\n\t\t\t\t<div class=\"elementor-element elementor-element-42367f0 elementor-widget elementor-widget-text-editor\" data-id=\"42367f0\" data-element_type=\"widget\" data-widget_type=\"text-editor.default\">\n\t\t\t\t<div class=\"elementor-widget-container\">\n\t\t\t\t\t\t\t\t\t<p>Contraction de \u201c<strong>Pok\u00e9<\/strong>\u201d et de \u201c<strong>Hawa\u00ef<\/strong>\u201d, la marque est \u00e0 l\u2019image de nos fondateurs : une ode au voyage \u2708\ufe0f Tant par les <strong>recettes exotiques, color\u00e9es et savoureuses<\/strong> qu\u2019elle propose, que par le d\u00e9cor d\u00e9paysant et chaleureux de ses restaurants \ud83c\udf34\ud83c\udf08<\/p>\n<p><strong>Gourmands, sains et complets<\/strong>, nos Pok\u00e9 trouvent leur \u00e9quilibre \u00e0 la fronti\u00e8re du bien et du mieux manger. Suffisamment g\u00e9n\u00e9reux pour manger \u00e0 sa faim et gorg\u00e9s de bons <strong>nutriments<\/strong> pour faire taire la culpabilit\u00e9 \ud83e\udd70<\/p>\t\t\t\t\t\t\t\t<\/div>\n\t\t\t\t<\/div>\n\t\t\t\t<div class=\"elementor-element elementor-element-9c1dccb elementor-widget elementor-widget-text-editor\" data-id=\"9c1dccb\" data-element_type=\"widget\" data-widget_type=\"text-editor.default\">\n\t\t\t\t<div class=\"elementor-widget-container\">\n\t\t\t\t\t\t\t\t\t<p>Proposant une <strong>large gamme<\/strong> de recettes allant du <strong>sal\u00e9<\/strong> au <strong>sucr\u00e9<\/strong>, nous laissons \u00e9galement la possibilit\u00e9 \u00e0 nos clients de composer eux-m\u00eame leur Pok\u00e9 Bowl selon la saison, leurs go\u00fbts, leurs faims et leurs r\u00e9gimes alimentaires \ud83d\ude0b<\/p><p>Aujourd\u2019hui, nous comptons <strong>une centaine<\/strong> de Barakawas \ud83c\udf4d r\u00e9parties un peu partout en <strong>France<\/strong> ainsi qu\u2019\u00e0 l\u2019<strong>international<\/strong> \ud83c\udf0e (Luxembourg, Belgique, Suisse, Espagne, Portugal).<\/p>\t\t\t\t\t\t\t\t<\/div>\n\t\t\t\t<\/div>\n\t\t\t\t\t<\/div>\n\t\t<\/div>\n\t\t\t\t\t<\/div>\n\t\t<\/section>\n\t\t\t\t<div class=\"elementor-element elementor-element-84df2d8 elementor-widget elementor-widget-spacer\" data-id=\"84df2d8\" data-element_type=\"widget\" data-widget_type=\"spacer.default\">\n\t\t\t\t<div class=\"elementor-widget-container\">\n\t\t\t\t\t\t\t<div class=\"elementor-spacer\">\n\t\t\t<div class=\"elementor-spacer-inner\"><\/div>\n\t\t<\/div>\n\t\t\t\t\t\t<\/div>\n\t\t\t\t<\/div>\n\t\t\t\t\t<\/div>\n\t\t<\/div>\n\t\t\t\t\t<\/div>\n\t\t<\/section>\n\t\t\t\t<section class=\"elementor-section elementor-top-section elementor-element elementor-element-f563ec6 elementor-section-boxed elementor-section-height-default elementor-section-height-default\" data-id=\"f563ec6\" data-element_type=\"section\" data-settings=\"{&quot;background_background&quot;:&quot;classic&quot;}\">\n\t\t\t\t\t\t<div class=\"elementor-container elementor-column-gap-default\">\n\t\t\t\t\t<div class=\"elementor-column elementor-col-100 elementor-top-column elementor-element elementor-element-a8d946c\" data-id=\"a8d946c\" data-element_type=\"column\">\n\t\t\t<div class=\"elementor-widget-wrap elementor-element-populated\">\n\t\t\t\t\t\t<div class=\"elementor-element elementor-element-d75b37e elementor-widget elementor-widget-heading\" data-id=\"d75b37e\" data-element_type=\"widget\" data-widget_type=\"heading.default\">\n\t\t\t\t<div class=\"elementor-widget-container\">\n\t\t\t\t\t<h6 class=\"elementor-heading-title elementor-size-small\">En d\u00e9finitive, POKAWA combine voyage, healthy food et good mood !<\/h6>\t\t\t\t<\/div>\n\t\t\t\t<\/div>\n\t\t\t\t<div class=\"elementor-element elementor-element-e65cff4 elementor-widget elementor-widget-image\" data-id=\"e65cff4\" data-element_type=\"widget\" data-widget_type=\"image.default\">\n\t\t\t\t<div class=\"elementor-widget-container\">\n\t\t\t\t\t\t\t\t\t\t\t\t\t\t\t<img decoding=\"async\" width=\"1536\" height=\"824\" src=\"https:\/\/pokawa.be\/wp-content\/uploads\/2023\/07\/ARTICLE-SISSY-MUA-1-1536x824.webp\" class=\"attachment-1536x1536 size-1536x1536 wp-image-7810\" alt=\"\" srcset=\"https:\/\/pokawa.be\/wp-content\/uploads\/2023\/07\/ARTICLE-SISSY-MUA-1-1536x824.webp 1536w, https:\/\/pokawa.be\/wp-content\/uploads\/2023\/07\/ARTICLE-SISSY-MUA-1-300x161.webp 300w, https:\/\/pokawa.be\/wp-content\/uploads\/2023\/07\/ARTICLE-SISSY-MUA-1-1024x549.webp 1024w, https:\/\/pokawa.be\/wp-content\/uploads\/2023\/07\/ARTICLE-SISSY-MUA-1-768x412.webp 768w, https:\/\/pokawa.be\/wp-content\/uploads\/2023\/07\/ARTICLE-SISSY-MUA-1-2048x1098.webp 1920w, https:\/\/pokawa.be\/wp-content\/uploads\/2023\/07\/ARTICLE-SISSY-MUA-1-18x10.webp 18w, https:\/\/pokawa.be\/wp-content\/uploads\/2023\/07\/ARTICLE-SISSY-MUA-1.webp 1600w\" sizes=\"(max-width: 1536px) 100vw, 1536px\" \/>\t\t\t\t\t\t\t\t\t\t\t\t\t\t\t<\/div>\n\t\t\t\t<\/div>\n\t\t\t\t<section class=\"elementor-section elementor-inner-section elementor-element elementor-element-0657232 elementor-section-boxed elementor-section-height-default elementor-section-height-default\" data-id=\"0657232\" data-element_type=\"section\">\n\t\t\t\t\t\t<div class=\"elementor-container elementor-column-gap-default\">\n\t\t\t\t\t<div class=\"elementor-column elementor-col-33 elementor-inner-column elementor-element elementor-element-1e23484\" data-id=\"1e23484\" data-element_type=\"column\">\n\t\t\t<div class=\"elementor-widget-wrap elementor-element-populated\">\n\t\t\t\t\t\t<div class=\"elementor-element elementor-element-5fc6934b elementor-widget elementor-widget-counter\" data-id=\"5fc6934b\" data-element_type=\"widget\" data-widget_type=\"counter.default\">\n\t\t\t\t<div class=\"elementor-widget-container\">\n\t\t\t\t\t\t\t<div class=\"elementor-counter\">\n\t\t\t<div class=\"elementor-counter-title\">HEALTHY<\/div>\t\t\t<div class=\"elementor-counter-number-wrapper\">\n\t\t\t\t<span class=\"elementor-counter-number-prefix\"><\/span>\n\t\t\t\t<span class=\"elementor-counter-number\" data-duration=\"2000\" data-to-value=\"100\" data-from-value=\"0\" data-delimiter=\",\">0<\/span>\n\t\t\t\t<span class=\"elementor-counter-number-suffix\">%<\/span>\n\t\t\t<\/div>\n\t\t<\/div>\n\t\t\t\t\t\t<\/div>\n\t\t\t\t<\/div>\n\t\t\t\t\t<\/div>\n\t\t<\/div>\n\t\t\t\t<div class=\"elementor-column elementor-col-33 elementor-inner-column elementor-element elementor-element-d6f33c3\" data-id=\"d6f33c3\" data-element_type=\"column\">\n\t\t\t<div class=\"elementor-widget-wrap elementor-element-populated\">\n\t\t\t\t\t\t<div class=\"elementor-element elementor-element-5abe3eaa elementor-widget elementor-widget-counter\" data-id=\"5abe3eaa\" data-element_type=\"widget\" data-widget_type=\"counter.default\">\n\t\t\t\t<div class=\"elementor-widget-container\">\n\t\t\t\t\t\t\t<div class=\"elementor-counter\">\n\t\t\t<div class=\"elementor-counter-title\">COLOR\u00c9<\/div>\t\t\t<div class=\"elementor-counter-number-wrapper\">\n\t\t\t\t<span class=\"elementor-counter-number-prefix\"><\/span>\n\t\t\t\t<span class=\"elementor-counter-number\" data-duration=\"2000\" data-to-value=\"100\" data-from-value=\"50\" data-delimiter=\",\">50<\/span>\n\t\t\t\t<span class=\"elementor-counter-number-suffix\">%<\/span>\n\t\t\t<\/div>\n\t\t<\/div>\n\t\t\t\t\t\t<\/div>\n\t\t\t\t<\/div>\n\t\t\t\t\t<\/div>\n\t\t<\/div>\n\t\t\t\t<div class=\"elementor-column elementor-col-33 elementor-inner-column elementor-element elementor-element-f2cba50\" data-id=\"f2cba50\" data-element_type=\"column\">\n\t\t\t<div class=\"elementor-widget-wrap elementor-element-populated\">\n\t\t\t\t\t\t<div class=\"elementor-element elementor-element-6c994756 elementor-widget elementor-widget-counter\" data-id=\"6c994756\" data-element_type=\"widget\" data-widget_type=\"counter.default\">\n\t\t\t\t<div class=\"elementor-widget-container\">\n\t\t\t\t\t\t\t<div class=\"elementor-counter\">\n\t\t\t<div class=\"elementor-counter-title\">FRAIS<\/div>\t\t\t<div class=\"elementor-counter-number-wrapper\">\n\t\t\t\t<span class=\"elementor-counter-number-prefix\"><\/span>\n\t\t\t\t<span class=\"elementor-counter-number\" data-duration=\"2000\" data-to-value=\"100\" data-from-value=\"50\" data-delimiter=\",\">50<\/span>\n\t\t\t\t<span class=\"elementor-counter-number-suffix\">%<\/span>\n\t\t\t<\/div>\n\t\t<\/div>\n\t\t\t\t\t\t<\/div>\n\t\t\t\t<\/div>\n\t\t\t\t\t<\/div>\n\t\t<\/div>\n\t\t\t\t\t<\/div>\n\t\t<\/section>\n\t\t\t\t<div class=\"elementor-element elementor-element-3440ccf elementor-align-center elementor-widget elementor-widget-button\" data-id=\"3440ccf\" data-element_type=\"widget\" data-widget_type=\"button.default\">\n\t\t\t\t<div class=\"elementor-widget-container\">\n\t\t\t\t\t\t\t\t\t<div class=\"elementor-button-wrapper\">\n\t\t\t\t\t<a class=\"elementor-button elementor-button-link elementor-size-sm elementor-animation-shrink\" href=\"https:\/\/ordering.pokawa.com\/\">\n\t\t\t\t\t\t<span class=\"elementor-button-content-wrapper\">\n\t\t\t\t\t\t<span class=\"elementor-button-icon\">\n\t\t\t\t<svg aria-hidden=\"true\" class=\"e-font-icon-svg e-fas-arrow-right\" viewBox=\"0 0 448 512\" xmlns=\"http:\/\/www.w3.org\/2000\/svg\"><path d=\"M190.5 66.9l22.2-22.2c9.4-9.4 24.6-9.4 33.9 0L441 239c9.4 9.4 9.4 24.6 0 33.9L246.6 467.3c-9.4 9.4-24.6 9.4-33.9 0l-22.2-22.2c-9.5-9.5-9.3-25 .4-34.3L311.4 296H24c-13.3 0-24-10.7-24-24v-32c0-13.3 10.7-24 24-24h287.4L190.9 101.2c-9.8-9.3-10-24.8-.4-34.3z\"><\/path><\/svg>\t\t\t<\/span>\n\t\t\t\t\t\t\t\t\t<span class=\"elementor-button-text\">DIRECTION HAWAII<\/span>\n\t\t\t\t\t<\/span>\n\t\t\t\t\t<\/a>\n\t\t\t\t<\/div>\n\t\t\t\t\t\t\t\t<\/div>\n\t\t\t\t<\/div>\n\t\t\t\t\t<\/div>\n\t\t<\/div>\n\t\t\t\t\t<\/div>\n\t\t<\/section>\n\t\t\t\t<\/div>\n\t\t","protected":false},"excerpt":{"rendered":"<p>Un voyage gustativement frais avec POKAWA Notre concept puise ses origines l\u00e0 o\u00f9 les rayons du soleil \u2600\ufe0f, l\u2019\u00e9cume des vagues \ud83c\udf0a et les effluves de Mono\u00ef unissent les c\u0153urs \u2764\ufe0f Adeptes des voyages en backpack \ud83c\udf92, c\u2019est en 2016 que Maxime Buhler et Samuel Carr\u00e9 d\u00e9couvrent le Pok\u00e9, plat typique hawa\u00efen \ud83c\udf3a Et devinez [&hellip;]<\/p>\n","protected":false},"author":3,"featured_media":7791,"parent":0,"menu_order":0,"comment_status":"closed","ping_status":"closed","template":"elementor_header_footer","meta":{"_acf_changed":false,"footnotes":""},"acf":[],"aioseo_notices":[],"_links":{"self":[{"href":"https:\/\/pokawa.be\/fr_be\/wp-json\/wp\/v2\/pages\/7790"}],"collection":[{"href":"https:\/\/pokawa.be\/fr_be\/wp-json\/wp\/v2\/pages"}],"about":[{"href":"https:\/\/pokawa.be\/fr_be\/wp-json\/wp\/v2\/types\/page"}],"author":[{"embeddable":true,"href":"https:\/\/pokawa.be\/fr_be\/wp-json\/wp\/v2\/users\/3"}],"replies":[{"embeddable":true,"href":"https:\/\/pokawa.be\/fr_be\/wp-json\/wp\/v2\/comments?post=7790"}],"version-history":[{"count":13,"href":"https:\/\/pokawa.be\/fr_be\/wp-json\/wp\/v2\/pages\/7790\/revisions"}],"predecessor-version":[{"id":9318,"href":"https:\/\/pokawa.be\/fr_be\/wp-json\/wp\/v2\/pages\/7790\/revisions\/9318"}],"wp:featuredmedia":[{"embeddable":true,"href":"https:\/\/pokawa.be\/fr_be\/wp-json\/wp\/v2\/media\/7791"}],"wp:attachment":[{"href":"https:\/\/pokawa.be\/fr_be\/wp-json\/wp\/v2\/media?parent=7790"}],"curies":[{"name":"wp","href":"https:\/\/api.w.org\/{rel}","templated":true}]}}