{"id":8013,"date":"2023-08-08T10:11:26","date_gmt":"2023-08-08T08:11:26","guid":{"rendered":"https:\/\/pokawa.be\/?page_id=8013"},"modified":"2024-02-15T12:49:44","modified_gmt":"2024-02-15T11:49:44","slug":"qualite-hygiene","status":"publish","type":"page","link":"https:\/\/pokawa.be\/fr_be\/qualite-hygiene\/","title":{"rendered":"Qualit\u00e9 &#038; Hygi\u00e8ne"},"content":{"rendered":"\t\t<div data-elementor-type=\"wp-page\" data-elementor-id=\"8013\" class=\"elementor elementor-8013\" data-elementor-post-type=\"page\">\n\t\t\t\t\t\t<section class=\"elementor-section elementor-top-section elementor-element elementor-element-906bef1 elementor-section-boxed elementor-section-height-default elementor-section-height-default\" data-id=\"906bef1\" data-element_type=\"section\" data-settings=\"{&quot;background_background&quot;:&quot;classic&quot;}\">\n\t\t\t\t\t\t<div class=\"elementor-container elementor-column-gap-default\">\n\t\t\t\t\t<div class=\"elementor-column elementor-col-100 elementor-top-column elementor-element elementor-element-74701dbe\" data-id=\"74701dbe\" data-element_type=\"column\">\n\t\t\t<div class=\"elementor-widget-wrap elementor-element-populated\">\n\t\t\t\t\t\t<div class=\"elementor-element elementor-element-70636305 elementor-widget elementor-widget-theme-post-title elementor-page-title elementor-widget-heading\" data-id=\"70636305\" data-element_type=\"widget\" data-widget_type=\"theme-post-title.default\">\n\t\t\t\t<div class=\"elementor-widget-container\">\n\t\t\t\t\t<h1 class=\"elementor-heading-title elementor-size-default\">Qualit\u00e9 &#038; Hygi\u00e8ne<\/h1>\t\t\t\t<\/div>\n\t\t\t\t<\/div>\n\t\t\t\t<div class=\"elementor-element elementor-element-8b33e07 elementor-widget-divider--view-line elementor-widget elementor-widget-global elementor-global-3920 elementor-widget-divider\" data-id=\"8b33e07\" data-element_type=\"widget\" data-widget_type=\"divider.default\">\n\t\t\t\t<div class=\"elementor-widget-container\">\n\t\t\t\t\t\t\t<div class=\"elementor-divider\">\n\t\t\t<span class=\"elementor-divider-separator\">\n\t\t\t\t\t\t<\/span>\n\t\t<\/div>\n\t\t\t\t\t\t<\/div>\n\t\t\t\t<\/div>\n\t\t\t\t\t<\/div>\n\t\t<\/div>\n\t\t\t\t\t<\/div>\n\t\t<\/section>\n\t\t\t\t<section class=\"elementor-section elementor-top-section elementor-element elementor-element-6a186a5b elementor-section-boxed elementor-section-height-default elementor-section-height-default\" data-id=\"6a186a5b\" data-element_type=\"section\" data-settings=\"{&quot;background_background&quot;:&quot;classic&quot;}\">\n\t\t\t\t\t\t<div class=\"elementor-container elementor-column-gap-default\">\n\t\t\t\t\t<div class=\"elementor-column elementor-col-100 elementor-top-column elementor-element elementor-element-2c96d09b\" data-id=\"2c96d09b\" data-element_type=\"column\">\n\t\t\t<div class=\"elementor-widget-wrap elementor-element-populated\">\n\t\t\t\t\t\t<div class=\"elementor-element elementor-element-1acc579b elementor-widget-divider--view-line elementor-widget elementor-widget-divider\" data-id=\"1acc579b\" data-element_type=\"widget\" data-widget_type=\"divider.default\">\n\t\t\t\t<div class=\"elementor-widget-container\">\n\t\t\t\t\t\t\t<div class=\"elementor-divider\">\n\t\t\t<span class=\"elementor-divider-separator\">\n\t\t\t\t\t\t<\/span>\n\t\t<\/div>\n\t\t\t\t\t\t<\/div>\n\t\t\t\t<\/div>\n\t\t\t\t\t<\/div>\n\t\t<\/div>\n\t\t\t\t\t<\/div>\n\t\t<\/section>\n\t\t\t\t<section class=\"elementor-section elementor-top-section elementor-element elementor-element-33f270fe elementor-section-boxed elementor-section-height-default elementor-section-height-default\" data-id=\"33f270fe\" data-element_type=\"section\" data-settings=\"{&quot;background_background&quot;:&quot;classic&quot;}\">\n\t\t\t\t\t\t<div class=\"elementor-container elementor-column-gap-default\">\n\t\t\t\t\t<div class=\"elementor-column elementor-col-100 elementor-top-column elementor-element elementor-element-70221fec\" data-id=\"70221fec\" data-element_type=\"column\">\n\t\t\t<div class=\"elementor-widget-wrap elementor-element-populated\">\n\t\t\t\t\t\t<section class=\"elementor-section elementor-inner-section elementor-element elementor-element-1ce269dd elementor-section-boxed elementor-section-height-default elementor-section-height-default\" data-id=\"1ce269dd\" data-element_type=\"section\">\n\t\t\t\t\t\t<div class=\"elementor-container elementor-column-gap-wider\">\n\t\t\t\t\t<div class=\"elementor-column elementor-col-50 elementor-inner-column elementor-element elementor-element-4e423ebb\" data-id=\"4e423ebb\" data-element_type=\"column\">\n\t\t\t<div class=\"elementor-widget-wrap elementor-element-populated\">\n\t\t\t\t\t\t<div class=\"elementor-element elementor-element-ef87944 elementor-widget elementor-widget-heading\" data-id=\"ef87944\" data-element_type=\"widget\" data-widget_type=\"heading.default\">\n\t\t\t\t<div class=\"elementor-widget-container\">\n\t\t\t\t\t<h2 class=\"elementor-heading-title elementor-size-medium\">Depuis 2017, nous faisons de notre mieux pour que chaque bouch\u00e9e de nos pok\u00e9s transporte nos clients sous les cocotiers \ud83c\udf34<\/h2>\t\t\t\t<\/div>\n\t\t\t\t<\/div>\n\t\t\t\t<div class=\"elementor-element elementor-element-88fee30 elementor-widget elementor-widget-text-editor\" data-id=\"88fee30\" data-element_type=\"widget\" data-widget_type=\"text-editor.default\">\n\t\t\t\t<div class=\"elementor-widget-container\">\n\t\t\t\t\t\t\t\t\t<p><span style=\"font-family: var( --e-global-typography-d4ca745-font-family ), Sans-serif; font-size: var( --e-global-typography-d4ca745-font-size ); font-weight: var( --e-global-typography-d4ca745-font-weight ); letter-spacing: var( --e-global-typography-d4ca745-letter-spacing ); word-spacing: var( --e-global-typography-d4ca745-word-spacing );\">\u2600\ufe0fCette invitation au voyage se caract\u00e9rise par diff\u00e9rentes garanties, \u00e0 commencer par la <\/span><strong>fra\u00eecheur<\/strong><span style=\"font-family: var( --e-global-typography-d4ca745-font-family ), Sans-serif; font-size: var( --e-global-typography-d4ca745-font-size ); font-weight: var( --e-global-typography-d4ca745-font-weight ); letter-spacing: var( --e-global-typography-d4ca745-letter-spacing ); word-spacing: var( --e-global-typography-d4ca745-word-spacing );\">, la <\/span><strong>saveur<\/strong><span style=\"font-family: var( --e-global-typography-d4ca745-font-family ), Sans-serif; font-size: var( --e-global-typography-d4ca745-font-size ); font-weight: var( --e-global-typography-d4ca745-font-weight ); letter-spacing: var( --e-global-typography-d4ca745-letter-spacing ); word-spacing: var( --e-global-typography-d4ca745-word-spacing );\"> et la <\/span><strong>qualit\u00e9<\/strong><span style=\"font-family: var( --e-global-typography-d4ca745-font-family ), Sans-serif; font-size: var( --e-global-typography-d4ca745-font-size ); font-weight: var( --e-global-typography-d4ca745-font-weight ); letter-spacing: var( --e-global-typography-d4ca745-letter-spacing ); word-spacing: var( --e-global-typography-d4ca745-word-spacing );\"> des produits qui composent nos recettes \u2728<\/span><\/p><p>\ud83d\udc49 Gr\u00e2ce \u00e0 la collaboration \u00e9troite et quotidienne que nous entretenons avec nos diff\u00e9rents fournisseurs et producteurs, nous sommes en mesure de s\u00e9lectionner minutieusement nos produits, de garantir leur tra\u00e7abilit\u00e9 et d\u2019assurer de fa\u00e7on hebdomadaire diff\u00e9rents approvisionnements dans chacune de nos Barakawas.<\/p>\t\t\t\t\t\t\t\t<\/div>\n\t\t\t\t<\/div>\n\t\t\t\t\t<\/div>\n\t\t<\/div>\n\t\t\t\t<div class=\"elementor-column elementor-col-50 elementor-inner-column elementor-element elementor-element-c936b70\" data-id=\"c936b70\" data-element_type=\"column\">\n\t\t\t<div class=\"elementor-widget-wrap elementor-element-populated\">\n\t\t\t\t\t\t<div class=\"elementor-element elementor-element-089c3aa elementor-widget elementor-widget-video\" data-id=\"089c3aa\" data-element_type=\"widget\" data-settings=\"{&quot;youtube_url&quot;:&quot;https:\\\/\\\/youtu.be\\\/fF9GUSsesuc&quot;,&quot;autoplay&quot;:&quot;yes&quot;,&quot;play_on_mobile&quot;:&quot;yes&quot;,&quot;video_type&quot;:&quot;youtube&quot;,&quot;controls&quot;:&quot;yes&quot;}\" data-widget_type=\"video.default\">\n\t\t\t\t<div class=\"elementor-widget-container\">\n\t\t\t\t\t\t\t<div class=\"elementor-wrapper elementor-open-inline\">\n\t\t\t<div class=\"elementor-video\"><\/div>\t\t<\/div>\n\t\t\t\t\t\t<\/div>\n\t\t\t\t<\/div>\n\t\t\t\t\t<\/div>\n\t\t<\/div>\n\t\t\t\t\t<\/div>\n\t\t<\/section>\n\t\t\t\t<div class=\"elementor-element elementor-element-10c25a9 elementor-widget elementor-widget-spacer\" data-id=\"10c25a9\" data-element_type=\"widget\" data-widget_type=\"spacer.default\">\n\t\t\t\t<div class=\"elementor-widget-container\">\n\t\t\t\t\t\t\t<div class=\"elementor-spacer\">\n\t\t\t<div class=\"elementor-spacer-inner\"><\/div>\n\t\t<\/div>\n\t\t\t\t\t\t<\/div>\n\t\t\t\t<\/div>\n\t\t\t\t<div class=\"elementor-element elementor-element-f9fcae1 elementor-widget elementor-widget-heading\" data-id=\"f9fcae1\" data-element_type=\"widget\" data-widget_type=\"heading.default\">\n\t\t\t\t<div class=\"elementor-widget-container\">\n\t\t\t\t\t<h3 class=\"elementor-heading-title elementor-size-large\">PRODUITS DE QUALIT\u00c9 SUP\u00c9RIEURE <\/h3>\t\t\t\t<\/div>\n\t\t\t\t<\/div>\n\t\t\t\t<div class=\"elementor-element elementor-element-dc3fc85 elementor-widget elementor-widget-spacer\" data-id=\"dc3fc85\" data-element_type=\"widget\" data-widget_type=\"spacer.default\">\n\t\t\t\t<div class=\"elementor-widget-container\">\n\t\t\t\t\t\t\t<div class=\"elementor-spacer\">\n\t\t\t<div class=\"elementor-spacer-inner\"><\/div>\n\t\t<\/div>\n\t\t\t\t\t\t<\/div>\n\t\t\t\t<\/div>\n\t\t\t\t<div class=\"elementor-element elementor-element-05d9dce elementor-widget elementor-widget-image\" data-id=\"05d9dce\" data-element_type=\"widget\" data-widget_type=\"image.default\">\n\t\t\t\t<div class=\"elementor-widget-container\">\n\t\t\t\t\t\t\t\t\t\t\t\t\t\t\t\t<a href=\"http:\/\/pokawa.be\/wp-content\/uploads\/2023\/08\/Capture-decran-2023-08-29-a-111621.png\" data-elementor-open-lightbox=\"yes\" data-elementor-lightbox-title=\"PRODUITS DE QUALIT\u00c9 SUP\u00c9RIEURE\" data-e-action-hash=\"#elementor-action%3Aaction%3Dlightbox%26settings%3DeyJpZCI6ODIzNywidXJsIjoiaHR0cHM6XC9cL3Bva2F3YS5iZVwvd3AtY29udGVudFwvdXBsb2Fkc1wvMjAyM1wvMDhcL0NhcHR1cmUtZGVjcmFuLTIwMjMtMDgtMjktYS0xMTE2MjEud2VicCJ9\">\n\t\t\t\t\t\t\t<img fetchpriority=\"high\" decoding=\"async\" width=\"1600\" height=\"834\" src=\"https:\/\/pokawa.be\/wp-content\/uploads\/2023\/08\/Capture-decran-2023-08-29-a-111621.webp\" class=\"attachment-full size-full wp-image-8237\" alt=\"\" srcset=\"https:\/\/pokawa.be\/wp-content\/uploads\/2023\/08\/Capture-decran-2023-08-29-a-111621.webp 1600w, https:\/\/pokawa.be\/wp-content\/uploads\/2023\/08\/Capture-decran-2023-08-29-a-111621-300x156.webp 300w, https:\/\/pokawa.be\/wp-content\/uploads\/2023\/08\/Capture-decran-2023-08-29-a-111621-1024x534.webp 1024w, https:\/\/pokawa.be\/wp-content\/uploads\/2023\/08\/Capture-decran-2023-08-29-a-111621-768x400.webp 768w, https:\/\/pokawa.be\/wp-content\/uploads\/2023\/08\/Capture-decran-2023-08-29-a-111621-1536x801.webp 1536w, https:\/\/pokawa.be\/wp-content\/uploads\/2023\/08\/Capture-decran-2023-08-29-a-111621-18x9.webp 18w\" sizes=\"(max-width: 1600px) 100vw, 1600px\" \/>\t\t\t\t\t\t\t\t<\/a>\n\t\t\t\t\t\t\t\t\t\t\t\t\t\t\t<\/div>\n\t\t\t\t<\/div>\n\t\t\t\t<div class=\"elementor-element elementor-element-f0073da elementor-widget elementor-widget-spacer\" data-id=\"f0073da\" data-element_type=\"widget\" data-widget_type=\"spacer.default\">\n\t\t\t\t<div class=\"elementor-widget-container\">\n\t\t\t\t\t\t\t<div class=\"elementor-spacer\">\n\t\t\t<div class=\"elementor-spacer-inner\"><\/div>\n\t\t<\/div>\n\t\t\t\t\t\t<\/div>\n\t\t\t\t<\/div>\n\t\t\t\t<div class=\"elementor-element elementor-element-0bfd0cb elementor-widget elementor-widget-heading\" data-id=\"0bfd0cb\" data-element_type=\"widget\" data-widget_type=\"heading.default\">\n\t\t\t\t<div class=\"elementor-widget-container\">\n\t\t\t\t\t<h3 class=\"elementor-heading-title elementor-size-large\">IMPACT ENVIRONNEMENTAL \n<\/h3>\t\t\t\t<\/div>\n\t\t\t\t<\/div>\n\t\t\t\t<div class=\"elementor-element elementor-element-38e1357 elementor-widget elementor-widget-spacer\" data-id=\"38e1357\" data-element_type=\"widget\" data-widget_type=\"spacer.default\">\n\t\t\t\t<div class=\"elementor-widget-container\">\n\t\t\t\t\t\t\t<div class=\"elementor-spacer\">\n\t\t\t<div class=\"elementor-spacer-inner\"><\/div>\n\t\t<\/div>\n\t\t\t\t\t\t<\/div>\n\t\t\t\t<\/div>\n\t\t\t\t<section class=\"elementor-section elementor-inner-section elementor-element elementor-element-638db19 elementor-section-boxed elementor-section-height-default elementor-section-height-default\" data-id=\"638db19\" data-element_type=\"section\">\n\t\t\t\t\t\t<div class=\"elementor-container elementor-column-gap-default\">\n\t\t\t\t\t<div class=\"elementor-column elementor-col-50 elementor-inner-column elementor-element elementor-element-fd713e3\" data-id=\"fd713e3\" data-element_type=\"column\">\n\t\t\t<div class=\"elementor-widget-wrap elementor-element-populated\">\n\t\t\t\t\t\t<div class=\"elementor-element elementor-element-9ed16de elementor-widget elementor-widget-image\" data-id=\"9ed16de\" data-element_type=\"widget\" data-widget_type=\"image.default\">\n\t\t\t\t<div class=\"elementor-widget-container\">\n\t\t\t\t\t\t\t\t\t\t\t\t\t\t\t<img decoding=\"async\" width=\"800\" height=\"542\" src=\"https:\/\/pokawa.be\/wp-content\/uploads\/2023\/08\/qualite-page-2-1-1024x694.webp\" class=\"attachment-large size-large wp-image-8241\" alt=\"\" srcset=\"https:\/\/pokawa.be\/wp-content\/uploads\/2023\/08\/qualite-page-2-1-1024x694.webp 1024w, https:\/\/pokawa.be\/wp-content\/uploads\/2023\/08\/qualite-page-2-1-300x203.webp 300w, https:\/\/pokawa.be\/wp-content\/uploads\/2023\/08\/qualite-page-2-1-768x521.webp 768w, https:\/\/pokawa.be\/wp-content\/uploads\/2023\/08\/qualite-page-2-1-18x12.webp 18w, https:\/\/pokawa.be\/wp-content\/uploads\/2023\/08\/qualite-page-2-1.webp 1254w\" sizes=\"(max-width: 800px) 100vw, 800px\" \/>\t\t\t\t\t\t\t\t\t\t\t\t\t\t\t<\/div>\n\t\t\t\t<\/div>\n\t\t\t\t\t<\/div>\n\t\t<\/div>\n\t\t\t\t<div class=\"elementor-column elementor-col-50 elementor-inner-column elementor-element elementor-element-3260575\" data-id=\"3260575\" data-element_type=\"column\">\n\t\t\t<div class=\"elementor-widget-wrap elementor-element-populated\">\n\t\t\t\t\t\t<div class=\"elementor-element elementor-element-e626dc3 elementor-widget elementor-widget-image\" data-id=\"e626dc3\" data-element_type=\"widget\" data-widget_type=\"image.default\">\n\t\t\t\t<div class=\"elementor-widget-container\">\n\t\t\t\t\t\t\t\t\t\t\t\t\t\t\t<img decoding=\"async\" width=\"800\" height=\"542\" src=\"https:\/\/pokawa.be\/wp-content\/uploads\/2023\/08\/qualite-page-3-1024x694.webp\" class=\"attachment-large size-large wp-image-8242\" alt=\"\" srcset=\"https:\/\/pokawa.be\/wp-content\/uploads\/2023\/08\/qualite-page-3-1024x694.webp 1024w, https:\/\/pokawa.be\/wp-content\/uploads\/2023\/08\/qualite-page-3-300x203.webp 300w, https:\/\/pokawa.be\/wp-content\/uploads\/2023\/08\/qualite-page-3-768x521.webp 768w, https:\/\/pokawa.be\/wp-content\/uploads\/2023\/08\/qualite-page-3-18x12.webp 18w, https:\/\/pokawa.be\/wp-content\/uploads\/2023\/08\/qualite-page-3.png 1106w\" sizes=\"(max-width: 800px) 100vw, 800px\" \/>\t\t\t\t\t\t\t\t\t\t\t\t\t\t\t<\/div>\n\t\t\t\t<\/div>\n\t\t\t\t\t<\/div>\n\t\t<\/div>\n\t\t\t\t\t<\/div>\n\t\t<\/section>\n\t\t\t\t<div class=\"elementor-element elementor-element-7209759 elementor-widget elementor-widget-spacer\" data-id=\"7209759\" data-element_type=\"widget\" data-widget_type=\"spacer.default\">\n\t\t\t\t<div class=\"elementor-widget-container\">\n\t\t\t\t\t\t\t<div class=\"elementor-spacer\">\n\t\t\t<div class=\"elementor-spacer-inner\"><\/div>\n\t\t<\/div>\n\t\t\t\t\t\t<\/div>\n\t\t\t\t<\/div>\n\t\t\t\t<div class=\"elementor-element elementor-element-cad4923 elementor-widget elementor-widget-heading\" data-id=\"cad4923\" data-element_type=\"widget\" data-widget_type=\"heading.default\">\n\t\t\t\t<div class=\"elementor-widget-container\">\n\t\t\t\t\t<h3 class=\"elementor-heading-title elementor-size-large\">HYGI\u00c8NE<\/h3>\t\t\t\t<\/div>\n\t\t\t\t<\/div>\n\t\t\t\t<div class=\"elementor-element elementor-element-d4ab20a elementor-widget elementor-widget-text-editor\" data-id=\"d4ab20a\" data-element_type=\"widget\" data-widget_type=\"text-editor.default\">\n\t\t\t\t<div class=\"elementor-widget-container\">\n\t\t\t\t\t\t\t\t\t<h6>Chez POKAWA, nous avons adopt\u00e9 l\u2019amour \u2764\ufe0f\u00a0 que les hawa\u00efens ont pour la vie en diffusant des good vibes \ud83c\udf08 et en appliquant des bonnes pratiques \u2705 dans chacune de nos Barakawas.<\/h6>\t\t\t\t\t\t\t\t<\/div>\n\t\t\t\t<\/div>\n\t\t\t\t<div class=\"elementor-element elementor-element-ff8119e elementor-widget elementor-widget-text-editor\" data-id=\"ff8119e\" data-element_type=\"widget\" data-widget_type=\"text-editor.default\">\n\t\t\t\t<div class=\"elementor-widget-container\">\n\t\t\t\t\t\t\t\t\t<h5><span style=\"font-size: 1.25rem; font-weight: bolder;\">FORMATIONS<\/span><\/h5>\n<p>D\u00e8s leur arriv\u00e9e, tous les collaborateurs en restaurant ont l\u2019obligation de suivre une <strong>formation de sensibilisation \u00e0 l\u2019hygi\u00e8ne<\/strong>.<\/p>\n<p>De plus, nos managers et assistants managers de restaurant suivent une formation sp\u00e9cifique sur le terrain, 3 \u00e0 4 semaines avant leurs prises de postes officielles. Leur permettant ainsi d\u2019acqu\u00e9rir l\u2019ensemble des bonnes pratiques n\u00e9cessaires \u00e0 la bonne gestion d\u2019un restaurant \u2705. On compte plus de 500 contr\u00f4les hygi\u00e8ne annuels par un organisme ext\u00e9rieur et plus de 300 contr\u00f4les en internes.<\/p>\n<p>Enfin, d\u00e8s qu\u2019un client nous informe d\u2019un dysfonctionnement quel qu\u2019il soit, une <strong>enqu\u00eate interne<\/strong> est imm\u00e9diatement d\u00e9clench\u00e9e puis trait\u00e9e dans les plus brefs d\u00e9lais.<\/p>\n<p><\/p>\n<h5><strong>AUDITS ET <\/strong><span style=\"font-size: 1.25rem; font-weight: bolder;\">TRA\u00c7ABILIT\u00c9<\/span><\/h5>\n<div>\n<p>Des <strong>audits et analyses bact\u00e9riologiques<\/strong> \ud83e\udda0 sont ex\u00e9cut\u00e9s par le laboratoire ind\u00e9pendant @SGS, au minimum une fois par trimestre sur la totalit\u00e9 de notre r\u00e9seau. Ces contr\u00f4les sont toujours r\u00e9alis\u00e9s de fa\u00e7on inopin\u00e9e, permettant ainsi un <strong>bilan<\/strong> objectif de nos restaurants en condition r\u00e9elle.<\/p>\n<p>Suite \u00e0 ces audits, si une anomalie est d\u00e9tect\u00e9e un <strong>plan d\u2019action<\/strong> est d\u00e9clench\u00e9 sur le restaurant concern\u00e9 (contre-audit, sensibilisation du personnel, formations diverses, d\u00e9sinfection, travaux etc).<\/p>\n<p>Chacun des produits distribu\u00e9s en restaurant est soumis \u00e0 une <strong>tra\u00e7abilit\u00e9 stricte.<\/strong> En effet, nous recensons toutes les DLC et num\u00e9ros de lots des mati\u00e8res premi\u00e8res utilis\u00e9es ainsi que les temp\u00e9ratures \ud83c\udf21\ufe0f de nos frigos, ce qui nous permet de suivre minutieusement le cycle de vie de nos produits.<\/p>\n<p><\/p>\n<h5><span style=\"font-size: 1.25rem; font-weight: bolder;\">NETTOYAGE ET <\/span><span style=\"font-size: 1.25rem; font-weight: bolder;\">PROC\u00c9DURES<\/span><\/h5>\n<p>Les produits de nettoyage \ud83e\uddfc utilis\u00e9s dans nos restaurants ont \u00e9t\u00e9 scrupuleusement s\u00e9lectionn\u00e9s afin d\u2019assurer<strong> un nettoyage et une d\u00e9sinfection optimale<\/strong> de nos surfaces. Il s\u2019agit de produits @ECOLAB d\u00e9di\u00e9s sp\u00e9cifiquement \u00e0 l\u2019industrie de la restauration.<\/p>\n<p>De plus, des <strong>analyses des surfaces<\/strong> \u00e9tant directement en contact avec les produits (planches \u00e0 d\u00e9couper, bacs, couteaux etc.) sont r\u00e9guli\u00e8rement op\u00e9r\u00e9es, nous permettant ainsi de v\u00e9rifier que les proc\u00e9dures de nettoyage sont parfaitement ex\u00e9cut\u00e9es dans les cuisines de nos restaurants, pas moins de 1440 produits sont analys\u00e9s annuellement. On compte plus de de 500 contr\u00f4les hygi\u00e8ne annuels par un organisme ext\u00e9rieur et plus de 300 contr\u00f4les internes.<\/p>\n<p>Tous les restaurants POKAWA \ud83c\udf4d ont acc\u00e8s \u00e0 ce que nous appelons le <strong>\u00ab Guide des bonnes pratiques d\u2019hygi\u00e8ne \u00bb<\/strong>. Ce dernier recense la totalit\u00e9 des proc\u00e9dures d\u2019hygi\u00e8ne devant \u00eatre appliqu\u00e9es dans tous nos points de vente. La majeure partie de ces proc\u00e9dures sont \u00e9galement directement affich\u00e9es dans chacune de nos cuisines .<\/p>\n<p><\/p>\n<p><span style=\"font-size: 1.25rem; font-weight: bolder;\">AVIS CLIENTS<\/span><\/p>\n<\/div>\n<p>La <strong>satisfaction de nos clients<\/strong> \u00e9tant une priorit\u00e9, nous consultons de fa\u00e7on quotidienne l\u2019ensemble des avis qu\u2019ils prennent soin de d\u00e9poser, toute plateforme confondue (Google, Facebook, Uber Eats, Deliveroo etc).<\/p>\n<p>\u26a0\ufe0f Si lors d\u2019une visite dans l\u2019un de nos points de vente vous constatez un fait qui ne semble pas r\u00e9pondre \u00e0 nos <strong>crit\u00e8res d\u2019exigence<\/strong>, n\u2019h\u00e9sitez pas \u00e0 contacter notre service client \u00e0 l\u2019adresse <strong><a href=\"mailto:serviceclient@pokawa-group.com\">serviceclient@pokawa-group.com<\/a><\/strong> !<\/p>\t\t\t\t\t\t\t\t<\/div>\n\t\t\t\t<\/div>\n\t\t\t\t\t<\/div>\n\t\t<\/div>\n\t\t\t\t\t<\/div>\n\t\t<\/section>\n\t\t\t\t<section class=\"elementor-section elementor-top-section elementor-element elementor-element-b0d8ab4 elementor-section-boxed elementor-section-height-default elementor-section-height-default\" data-id=\"b0d8ab4\" data-element_type=\"section\">\n\t\t\t\t\t\t<div class=\"elementor-container elementor-column-gap-default\">\n\t\t\t\t\t<div class=\"elementor-column elementor-col-100 elementor-top-column elementor-element elementor-element-3ecf916\" data-id=\"3ecf916\" data-element_type=\"column\">\n\t\t\t<div class=\"elementor-widget-wrap elementor-element-populated\">\n\t\t\t\t\t\t<div class=\"elementor-element elementor-element-3440ccf elementor-align-center elementor-widget elementor-widget-button\" data-id=\"3440ccf\" data-element_type=\"widget\" data-widget_type=\"button.default\">\n\t\t\t\t<div class=\"elementor-widget-container\">\n\t\t\t\t\t\t\t\t\t<div class=\"elementor-button-wrapper\">\n\t\t\t\t\t<a class=\"elementor-button elementor-button-link elementor-size-sm elementor-animation-shrink\" href=\"https:\/\/ordering.pokawa.com\/\">\n\t\t\t\t\t\t<span class=\"elementor-button-content-wrapper\">\n\t\t\t\t\t\t<span class=\"elementor-button-icon\">\n\t\t\t\t<svg aria-hidden=\"true\" class=\"e-font-icon-svg e-fas-arrow-right\" viewBox=\"0 0 448 512\" xmlns=\"http:\/\/www.w3.org\/2000\/svg\"><path d=\"M190.5 66.9l22.2-22.2c9.4-9.4 24.6-9.4 33.9 0L441 239c9.4 9.4 9.4 24.6 0 33.9L246.6 467.3c-9.4 9.4-24.6 9.4-33.9 0l-22.2-22.2c-9.5-9.5-9.3-25 .4-34.3L311.4 296H24c-13.3 0-24-10.7-24-24v-32c0-13.3 10.7-24 24-24h287.4L190.9 101.2c-9.8-9.3-10-24.8-.4-34.3z\"><\/path><\/svg>\t\t\t<\/span>\n\t\t\t\t\t\t\t\t\t<span class=\"elementor-button-text\">DIRECTION HAWAII<\/span>\n\t\t\t\t\t<\/span>\n\t\t\t\t\t<\/a>\n\t\t\t\t<\/div>\n\t\t\t\t\t\t\t\t<\/div>\n\t\t\t\t<\/div>\n\t\t\t\t<div class=\"elementor-element elementor-element-30e34e5 elementor-widget elementor-widget-spacer\" data-id=\"30e34e5\" data-element_type=\"widget\" data-widget_type=\"spacer.default\">\n\t\t\t\t<div class=\"elementor-widget-container\">\n\t\t\t\t\t\t\t<div class=\"elementor-spacer\">\n\t\t\t<div class=\"elementor-spacer-inner\"><\/div>\n\t\t<\/div>\n\t\t\t\t\t\t<\/div>\n\t\t\t\t<\/div>\n\t\t\t\t\t<\/div>\n\t\t<\/div>\n\t\t\t\t\t<\/div>\n\t\t<\/section>\n\t\t\t\t<section class=\"elementor-section elementor-top-section elementor-element elementor-element-fe88f85 elementor-section-boxed elementor-section-height-default elementor-section-height-default\" data-id=\"fe88f85\" data-element_type=\"section\">\n\t\t\t\t\t\t<div class=\"elementor-container elementor-column-gap-default\">\n\t\t\t\t\t<div class=\"elementor-column elementor-col-100 elementor-top-column elementor-element elementor-element-a79fc8c\" data-id=\"a79fc8c\" data-element_type=\"column\">\n\t\t\t<div class=\"elementor-widget-wrap\">\n\t\t\t\t\t\t\t<\/div>\n\t\t<\/div>\n\t\t\t\t\t<\/div>\n\t\t<\/section>\n\t\t\t\t<\/div>\n\t\t","protected":false},"excerpt":{"rendered":"<p>Depuis 2017, nous faisons de notre mieux pour que chaque bouch\u00e9e de nos pok\u00e9s transporte nos clients sous les cocotiers \ud83c\udf34 \u2600\ufe0fCette invitation au voyage se caract\u00e9rise par diff\u00e9rentes garanties, \u00e0 commencer par la fra\u00eecheur, la saveur et la qualit\u00e9 des produits qui composent nos recettes \u2728 \ud83d\udc49 Gr\u00e2ce \u00e0 la collaboration \u00e9troite et quotidienne [&hellip;]<\/p>\n","protected":false},"author":3,"featured_media":8114,"parent":0,"menu_order":0,"comment_status":"closed","ping_status":"closed","template":"elementor_header_footer","meta":{"_acf_changed":false,"footnotes":""},"acf":[],"aioseo_notices":[],"_links":{"self":[{"href":"https:\/\/pokawa.be\/fr_be\/wp-json\/wp\/v2\/pages\/8013"}],"collection":[{"href":"https:\/\/pokawa.be\/fr_be\/wp-json\/wp\/v2\/pages"}],"about":[{"href":"https:\/\/pokawa.be\/fr_be\/wp-json\/wp\/v2\/types\/page"}],"author":[{"embeddable":true,"href":"https:\/\/pokawa.be\/fr_be\/wp-json\/wp\/v2\/users\/3"}],"replies":[{"embeddable":true,"href":"https:\/\/pokawa.be\/fr_be\/wp-json\/wp\/v2\/comments?post=8013"}],"version-history":[{"count":15,"href":"https:\/\/pokawa.be\/fr_be\/wp-json\/wp\/v2\/pages\/8013\/revisions"}],"predecessor-version":[{"id":9281,"href":"https:\/\/pokawa.be\/fr_be\/wp-json\/wp\/v2\/pages\/8013\/revisions\/9281"}],"wp:featuredmedia":[{"embeddable":true,"href":"https:\/\/pokawa.be\/fr_be\/wp-json\/wp\/v2\/media\/8114"}],"wp:attachment":[{"href":"https:\/\/pokawa.be\/fr_be\/wp-json\/wp\/v2\/media?parent=8013"}],"curies":[{"name":"wp","href":"https:\/\/api.w.org\/{rel}","templated":true}]}}